{"id":1111,"date":"2021-03-19T07:02:09","date_gmt":"2021-03-19T12:02:09","guid":{"rendered":"https:\/\/industriasmastder.com\/?page_id=1111"},"modified":"2021-12-07T20:38:26","modified_gmt":"2021-12-08T01:38:26","slug":"rodillos-en-poliuretano","status":"publish","type":"page","link":"https:\/\/industriasmastder.com\/?page_id=1111","title":{"rendered":"Rodillos en Poliuretano"},"content":{"rendered":"<p>[et_pb_section fb_built=&#8221;1&#8243; _builder_version=&#8221;4.11.2&#8243; _module_preset=&#8221;default&#8221;][et_pb_row _builder_version=&#8221;4.11.2&#8243; _module_preset=&#8221;default&#8221;][et_pb_column _builder_version=&#8221;4.11.2&#8243; _module_preset=&#8221;default&#8221; type=&#8221;4_4&#8243;][et_pb_text _builder_version=&#8221;4.11.2&#8243; _module_preset=&#8221;default&#8221; hover_enabled=&#8221;0&#8243; sticky_enabled=&#8221;0&#8243;]Rodillos fabricados con espumas flexibles de Poliuretano, de alta y mediana densidad, ideales para la aplicaci\u00f3n de pinturas vin\u00edlicas y otras que tengan base agua. Reutilizable y f\u00e1cilmente lavable. Variedad de tama\u00f1os y precios. Herramientas que son utilizadas a nivel Industrial, profesional y bricolaje, incluyendo su uso en trabajos universitarios y escolares.[\/et_pb_text][\/et_pb_column][\/et_pb_row][et_pb_row _builder_version=&#8221;4.11.2&#8243; _module_preset=&#8221;default&#8221;][et_pb_column _builder_version=&#8221;4.11.2&#8243; _module_preset=&#8221;default&#8221; type=&#8221;4_4&#8243;][et_pb_text _builder_version=&#8221;4.11.2&#8243; _module_preset=&#8221;default&#8221; hover_enabled=&#8221;0&#8243; sticky_enabled=&#8221;0&#8243;]<\/p>\n<p><\/p>\n\n<div data-block-name=\"woocommerce\/handpicked-products\" data-edit-mode=\"false\" data-content-visibility=\"{&quot;title&quot;:true,&quot;price&quot;:false,&quot;rating&quot;:false,&quot;button&quot;:false}\" data-products=\"[6988,6986,6983,6967,6985]\" class=\"wc-block-grid wp-block-handpicked-products wc-block-handpicked-products has-3-columns has-multiple-rows\"><ul class=\"wc-block-grid__products\"><li class=\"wc-block-grid__product\">\n\t\t\t\t<a href=\"https:\/\/industriasmastder.com\/?product=rodillo-pinta-facil-6-poliuretano\" class=\"wc-block-grid__product-link\">\n\t\t\t\t\t<div class=\"wc-block-grid__product-image\"><img width=\"300\" height=\"300\" src=\"https:\/\/industriasmastder.com\/wp-content\/uploads\/2021\/03\/611RodilloPintaFacil6_Poliuretano-300x300.jpg\" class=\"attachment-woocommerce_thumbnail size-woocommerce_thumbnail\" alt=\"Rodillo Pinta-F\u00e1cil 6&quot; Poliuretano\" decoding=\"async\" loading=\"lazy\" \/><\/div>\n\t\t\t\t\t<div class=\"wc-block-grid__product-title\">Rodillo Pinta-F\u00e1cil 6&#8243; Poliuretano<\/div>\n\t\t\t\t<\/a>\n\t\t\t\t\n\t\t\t\t\n\t\t\t\t\n\t\t\t\t\n\t\t\t<\/li><li class=\"wc-block-grid__product\">\n\t\t\t\t<a href=\"https:\/\/industriasmastder.com\/?product=rodillo-mastder-2-poliuretano\" class=\"wc-block-grid__product-link\">\n\t\t\t\t\t<div class=\"wc-block-grid__product-image\"><img width=\"300\" height=\"300\" src=\"https:\/\/industriasmastder.com\/wp-content\/uploads\/2021\/03\/201RodilloMastder2_Poliuretano-300x300.jpg\" class=\"attachment-woocommerce_thumbnail size-woocommerce_thumbnail\" alt=\"Rodillo Mastder 2&quot; Poliuretano\" decoding=\"async\" loading=\"lazy\" \/><\/div>\n\t\t\t\t\t<div class=\"wc-block-grid__product-title\">Rodillo Mastder 2&#8243; Poliuretano<\/div>\n\t\t\t\t<\/a>\n\t\t\t\t\n\t\t\t\t\n\t\t\t\t\n\t\t\t\t\n\t\t\t<\/li><li class=\"wc-block-grid__product\">\n\t\t\t\t<a href=\"https:\/\/industriasmastder.com\/?product=rodillo-mastder-esquinero-poliuretano\" class=\"wc-block-grid__product-link\">\n\t\t\t\t\t<div class=\"wc-block-grid__product-image\"><img width=\"300\" height=\"300\" src=\"https:\/\/industriasmastder.com\/wp-content\/uploads\/2021\/03\/110RodilloMasdterEsquineroPoliuretano-300x300.jpg\" class=\"attachment-woocommerce_thumbnail size-woocommerce_thumbnail\" alt=\"Rodillo Mastder Esquinero Poliuretano\" decoding=\"async\" loading=\"lazy\" \/><\/div>\n\t\t\t\t\t<div class=\"wc-block-grid__product-title\">Rodillo Mastder Esquinero Poliuretano<\/div>\n\t\t\t\t<\/a>\n\t\t\t\t\n\t\t\t\t\n\t\t\t\t\n\t\t\t\t\n\t\t\t<\/li><li class=\"wc-block-grid__product\">\n\t\t\t\t<a href=\"https:\/\/industriasmastder.com\/?product=rodillo-mastder-9-poliuretano\" class=\"wc-block-grid__product-link\">\n\t\t\t\t\t<div class=\"wc-block-grid__product-image\"><img width=\"300\" height=\"300\" src=\"https:\/\/industriasmastder.com\/wp-content\/uploads\/2021\/03\/901RodilloMasdter9_-Poliuretano-300x300.jpg\" class=\"attachment-woocommerce_thumbnail size-woocommerce_thumbnail\" alt=\"Rodillo Mastder 9&quot; Poliuretano\" decoding=\"async\" loading=\"lazy\" \/><\/div>\n\t\t\t\t\t<div class=\"wc-block-grid__product-title\">Rodillo Mastder 9&#8243; Poliuretano<\/div>\n\t\t\t\t<\/a>\n\t\t\t\t\n\t\t\t\t\n\t\t\t\t\n\t\t\t\t\n\t\t\t<\/li><li class=\"wc-block-grid__product\">\n\t\t\t\t<a href=\"https:\/\/industriasmastder.com\/?product=rodillo-epoxico-pintamox-9\" class=\"wc-block-grid__product-link\">\n\t\t\t\t\t<div class=\"wc-block-grid__product-image\"><img width=\"300\" height=\"300\" src=\"https:\/\/industriasmastder.com\/wp-content\/uploads\/2021\/03\/909-Rodillo-Epoxico-pintamox-9-300x300.jpg\" class=\"attachment-woocommerce_thumbnail size-woocommerce_thumbnail\" alt=\"Rodillo Epoxico Pintamox 9&quot;\" decoding=\"async\" loading=\"lazy\" \/><\/div>\n\t\t\t\t\t<div class=\"wc-block-grid__product-title\">Rodillo Epoxico Pintamox 9&#8243;<\/div>\n\t\t\t\t<\/a>\n\t\t\t\t\n\t\t\t\t\n\t\t\t\t\n\t\t\t\t\n\t\t\t<\/li><\/ul><\/div>\n\n\n<div class=\"wp-block-image\"><figure class=\"aligncenter size-large\"><img decoding=\"async\" loading=\"lazy\" width=\"1024\" height=\"282\" src=\"https:\/\/industriasmastder.com\/wp-content\/uploads\/2021\/10\/10-Poliuretano-1024x282.png\" alt=\"\" class=\"wp-image-6425\" srcset=\"https:\/\/industriasmastder.com\/wp-content\/uploads\/2021\/10\/10-Poliuretano-980x270.png 980w, https:\/\/industriasmastder.com\/wp-content\/uploads\/2021\/10\/10-Poliuretano-480x132.png 480w\" sizes=\"(min-width: 0px) and (max-width: 480px) 480px, (min-width: 481px) and (max-width: 980px) 980px, (min-width: 981px) 1024px, 100vw\" \/><\/figure><\/div>\n\n\n<div data-block-name=\"woocommerce\/handpicked-products\" data-edit-mode=\"false\" data-content-visibility=\"{&quot;title&quot;:true,&quot;price&quot;:false,&quot;rating&quot;:false,&quot;button&quot;:false}\" data-products=\"[6993,6995,6992,6991,6994]\" data-align-buttons=\"true\" class=\"wc-block-grid wp-block-handpicked-products wc-block-handpicked-products has-3-columns has-multiple-rows has-aligned-buttons\"><ul class=\"wc-block-grid__products\"><li class=\"wc-block-grid__product\">\n\t\t\t\t<a href=\"https:\/\/industriasmastder.com\/?product=mini-mastder-super-espuma-6\" class=\"wc-block-grid__product-link\">\n\t\t\t\t\t<div class=\"wc-block-grid__product-image\"><img width=\"300\" height=\"300\" src=\"https:\/\/industriasmastder.com\/wp-content\/uploads\/2021\/03\/601MiniMasdterSuperEspuma6_-300x300.jpg\" class=\"attachment-woocommerce_thumbnail size-woocommerce_thumbnail\" alt=\"Mini Mastder Super Espuma 6&quot;\" decoding=\"async\" loading=\"lazy\" \/><\/div>\n\t\t\t\t\t<div class=\"wc-block-grid__product-title\">Mini Mastder Super Espuma 6&#8243;<\/div>\n\t\t\t\t<\/a>\n\t\t\t\t\n\t\t\t\t\n\t\t\t\t\n\t\t\t\t\n\t\t\t<\/li><li class=\"wc-block-grid__product\">\n\t\t\t\t<a href=\"https:\/\/industriasmastder.com\/?product=mini-mastder-super-espuma-4-mango-largo\" class=\"wc-block-grid__product-link\">\n\t\t\t\t\t<div class=\"wc-block-grid__product-image\"><img width=\"300\" height=\"300\" src=\"https:\/\/industriasmastder.com\/wp-content\/uploads\/2021\/03\/406MiniMasdterSuperEspuma4_MangoLargo-300x300.jpg\" class=\"attachment-woocommerce_thumbnail size-woocommerce_thumbnail\" alt=\"Mini Mastder Super Espuma 4&quot; Mango largo\" decoding=\"async\" loading=\"lazy\" \/><\/div>\n\t\t\t\t\t<div class=\"wc-block-grid__product-title\">Mini Mastder Super Espuma 4&#8243; Mango largo<\/div>\n\t\t\t\t<\/a>\n\t\t\t\t\n\t\t\t\t\n\t\t\t\t\n\t\t\t\t\n\t\t\t<\/li><li class=\"wc-block-grid__product\">\n\t\t\t\t<a href=\"https:\/\/industriasmastder.com\/?product=mini-mastder-super-espuma-4\" class=\"wc-block-grid__product-link\">\n\t\t\t\t\t<div class=\"wc-block-grid__product-image\"><img width=\"300\" height=\"300\" src=\"https:\/\/industriasmastder.com\/wp-content\/uploads\/2021\/03\/405MiniMasdterSuperEspuma4_-300x300.jpg\" class=\"attachment-woocommerce_thumbnail size-woocommerce_thumbnail\" alt=\"Mini Mastder Super Espuma 4&quot;\" decoding=\"async\" loading=\"lazy\" \/><\/div>\n\t\t\t\t\t<div class=\"wc-block-grid__product-title\">Mini Mastder Super Espuma 4&#8243;<\/div>\n\t\t\t\t<\/a>\n\t\t\t\t\n\t\t\t\t\n\t\t\t\t\n\t\t\t\t\n\t\t\t<\/li><li class=\"wc-block-grid__product\">\n\t\t\t\t<a href=\"https:\/\/industriasmastder.com\/?product=mini-mastder-super-espuma-3\" class=\"wc-block-grid__product-link\">\n\t\t\t\t\t<div class=\"wc-block-grid__product-image\"><img width=\"300\" height=\"300\" src=\"https:\/\/industriasmastder.com\/wp-content\/uploads\/2021\/03\/304MiniMasdterSuper-Espuma3_-300x300.jpg\" class=\"attachment-woocommerce_thumbnail size-woocommerce_thumbnail\" alt=\"Mini Mastder Super Espuma 3&quot;\" decoding=\"async\" loading=\"lazy\" \/><\/div>\n\t\t\t\t\t<div class=\"wc-block-grid__product-title\">Mini Mastder Super Espuma 3&#8243;<\/div>\n\t\t\t\t<\/a>\n\t\t\t\t\n\t\t\t\t\n\t\t\t\t\n\t\t\t\t\n\t\t\t<\/li><li class=\"wc-block-grid__product\">\n\t\t\t\t<a href=\"https:\/\/industriasmastder.com\/?product=mini-mastder-super-espuma-2\" class=\"wc-block-grid__product-link\">\n\t\t\t\t\t<div class=\"wc-block-grid__product-image\"><img width=\"300\" height=\"300\" src=\"https:\/\/industriasmastder.com\/wp-content\/uploads\/2021\/03\/204MiniMastderSuperEspuma2_-300x300.jpg\" class=\"attachment-woocommerce_thumbnail size-woocommerce_thumbnail\" alt=\"Mini Mastder Super Espuma 2&quot;\" decoding=\"async\" loading=\"lazy\" \/><\/div>\n\t\t\t\t\t<div class=\"wc-block-grid__product-title\">Mini Mastder Super Espuma 2&#8243;<\/div>\n\t\t\t\t<\/a>\n\t\t\t\t\n\t\t\t\t\n\t\t\t\t\n\t\t\t\t\n\t\t\t<\/li><\/ul><\/div>\n\n\n<div class=\"wp-block-image\"><figure class=\"aligncenter size-large\"><img decoding=\"async\" loading=\"lazy\" width=\"1024\" height=\"224\" src=\"https:\/\/industriasmastder.com\/wp-content\/uploads\/2021\/12\/rodillos-poliuretano-1024x224.png\" alt=\"\" class=\"wp-image-7317\" srcset=\"https:\/\/industriasmastder.com\/wp-content\/uploads\/2021\/12\/rodillos-poliuretano-1024x224.png 1024w, https:\/\/industriasmastder.com\/wp-content\/uploads\/2021\/12\/rodillos-poliuretano-600x131.png 600w, https:\/\/industriasmastder.com\/wp-content\/uploads\/2021\/12\/rodillos-poliuretano-64x14.png 64w, https:\/\/industriasmastder.com\/wp-content\/uploads\/2021\/12\/rodillos-poliuretano-300x66.png 300w, https:\/\/industriasmastder.com\/wp-content\/uploads\/2021\/12\/rodillos-poliuretano-768x168.png 768w, https:\/\/industriasmastder.com\/wp-content\/uploads\/2021\/12\/rodillos-poliuretano-1536x335.png 1536w, https:\/\/industriasmastder.com\/wp-content\/uploads\/2021\/12\/rodillos-poliuretano.png 1635w\" sizes=\"(max-width: 1024px) 100vw, 1024px\" \/><\/figure><\/div>\n\n\n<p><\/p>\n<p>[\/et_pb_text][\/et_pb_column][\/et_pb_row][\/et_pb_section][et_pb_section fb_built=&#8221;1&#8243; _builder_version=&#8221;4.11.2&#8243; _module_preset=&#8221;default&#8221;][et_pb_row _builder_version=&#8221;4.11.2&#8243; _module_preset=&#8221;default&#8221;][et_pb_column _builder_version=&#8221;4.11.2&#8243; _module_preset=&#8221;default&#8221; type=&#8221;4_4&#8243;][et_pb_image _builder_version=&#8221;4.11.2&#8243; _module_preset=&#8221;default&#8221; title_text=&#8221;10 Poliuretano&#8221; src=&#8221;https:\/\/industriasmastder.com\/wp-content\/uploads\/2021\/10\/10-Poliuretano.png&#8221; hover_enabled=&#8221;0&#8243; sticky_enabled=&#8221;0&#8243;][\/et_pb_image][\/et_pb_column][\/et_pb_row][\/et_pb_section]<\/p>","protected":false},"excerpt":{"rendered":"<p>Rodillos fabricados con espumas flexibles de Poliuretano, de alta y mediana densidad, ideales para la aplicaci\u00f3n de pinturas vin\u00edlicas y otras que tengan base agua. Reutilizable y f\u00e1cilmente lavable. Variedad de tama\u00f1os y precios. Herramientas que son utilizadas a nivel Industrial, profesional y bricolaje, incluyendo su uso en trabajos universitarios y escolares.<\/p>\n","protected":false},"author":1,"featured_media":0,"parent":12,"menu_order":0,"comment_status":"closed","ping_status":"closed","template":"","meta":{"_et_pb_use_builder":"on","_et_pb_old_content":"","_et_gb_content_width":"","_monsterinsights_skip_tracking":false,"_monsterinsights_sitenote_active":false,"_monsterinsights_sitenote_note":"","_monsterinsights_sitenote_category":0},"aioseo_notices":[],"_links":{"self":[{"href":"https:\/\/industriasmastder.com\/index.php?rest_route=\/wp\/v2\/pages\/1111"}],"collection":[{"href":"https:\/\/industriasmastder.com\/index.php?rest_route=\/wp\/v2\/pages"}],"about":[{"href":"https:\/\/industriasmastder.com\/index.php?rest_route=\/wp\/v2\/types\/page"}],"author":[{"embeddable":true,"href":"https:\/\/industriasmastder.com\/index.php?rest_route=\/wp\/v2\/users\/1"}],"replies":[{"embeddable":true,"href":"https:\/\/industriasmastder.com\/index.php?rest_route=%2Fwp%2Fv2%2Fcomments&post=1111"}],"version-history":[{"count":10,"href":"https:\/\/industriasmastder.com\/index.php?rest_route=\/wp\/v2\/pages\/1111\/revisions"}],"predecessor-version":[{"id":7318,"href":"https:\/\/industriasmastder.com\/index.php?rest_route=\/wp\/v2\/pages\/1111\/revisions\/7318"}],"up":[{"embeddable":true,"href":"https:\/\/industriasmastder.com\/index.php?rest_route=\/wp\/v2\/pages\/12"}],"wp:attachment":[{"href":"https:\/\/industriasmastder.com\/index.php?rest_route=%2Fwp%2Fv2%2Fmedia&parent=1111"}],"curies":[{"name":"wp","href":"https:\/\/api.w.org\/{rel}","templated":true}]}}