{"id":1118,"date":"2021-03-19T07:27:35","date_gmt":"2021-03-19T12:27:35","guid":{"rendered":"https:\/\/industriasmastder.com\/?page_id=1118"},"modified":"2021-12-07T19:25:36","modified_gmt":"2021-12-08T00:25:36","slug":"rodillos-para-textura","status":"publish","type":"page","link":"https:\/\/industriasmastder.com\/?page_id=1118","title":{"rendered":"Rodillos para Texturas"},"content":{"rendered":"<p><strong style=\"font-size: revert;\">Rodillo para textura fina.<\/strong><\/p>\n<div class=\"page\" title=\"Page 10\">\n<div class=\"section\">\n<div class=\"layoutArea\">\n<div class=\"column\">\n<p>Rodillo en Espuma polie\u0301ster de poros pequen\u0303os, para aplicacio\u0301n de pinturas y recubrimientos finos, solubles en agua.<\/p>\n<\/div>\n<\/div>\n<\/div>\n<\/div>\n\n<div data-block-name=\"woocommerce\/handpicked-products\" data-edit-mode=\"false\" data-content-visibility=\"{&quot;title&quot;:true,&quot;price&quot;:false,&quot;rating&quot;:false,&quot;button&quot;:false}\" data-products=\"[6996,6952]\" class=\"wc-block-grid wp-block-handpicked-products wc-block-handpicked-products has-3-columns has-multiple-rows\"><ul class=\"wc-block-grid__products\"><li class=\"wc-block-grid__product\">\n\t\t\t\t<a href=\"https:\/\/industriasmastder.com\/?product=mini-rodillo-textura-amarillo-importado\" class=\"wc-block-grid__product-link\">\n\t\t\t\t\t<div class=\"wc-block-grid__product-image\"><img width=\"300\" height=\"300\" src=\"https:\/\/industriasmastder.com\/wp-content\/uploads\/2021\/03\/307MiniRodilloTextura-AmarilloImportado-300x300.jpg\" class=\"attachment-woocommerce_thumbnail size-woocommerce_thumbnail\" alt=\"Mini Rodillo Textura amarillo. Importado\" decoding=\"async\" loading=\"lazy\" \/><\/div>\n\t\t\t\t\t<div class=\"wc-block-grid__product-title\">Mini Rodillo Textura amarillo. Importado<\/div>\n\t\t\t\t<\/a>\n\t\t\t\t\n\t\t\t\t\n\t\t\t\t\n\t\t\t\t\n\t\t\t<\/li><li class=\"wc-block-grid__product\">\n\t\t\t\t<a href=\"https:\/\/industriasmastder.com\/?product=rodillo-textura-rustico-3\" class=\"wc-block-grid__product-link\">\n\t\t\t\t\t<div class=\"wc-block-grid__product-image\"><img width=\"300\" height=\"300\" src=\"https:\/\/industriasmastder.com\/wp-content\/uploads\/2021\/03\/306RodilloTexturaRustico3_-300x300.jpg\" class=\"attachment-woocommerce_thumbnail size-woocommerce_thumbnail\" alt=\"Rodillo textura rustico 3&quot;\" decoding=\"async\" loading=\"lazy\" \/><\/div>\n\t\t\t\t\t<div class=\"wc-block-grid__product-title\">Rodillo textura rustico 3&#8243;<\/div>\n\t\t\t\t<\/a>\n\t\t\t\t\n\t\t\t\t\n\t\t\t\t\n\t\t\t\t\n\t\t\t<\/li><\/ul><\/div>\n\n\n<div class=\"wp-block-image\"><figure class=\"aligncenter size-large\"><img decoding=\"async\" loading=\"lazy\" width=\"1024\" height=\"167\" src=\"https:\/\/industriasmastder.com\/wp-content\/uploads\/2021\/10\/5-texturas-1024x167.png\" alt=\"\" class=\"wp-image-6327\" srcset=\"https:\/\/industriasmastder.com\/wp-content\/uploads\/2021\/10\/5-texturas-980x160.png 980w, https:\/\/industriasmastder.com\/wp-content\/uploads\/2021\/10\/5-texturas-480x78.png 480w\" sizes=\"(min-width: 0px) and (max-width: 480px) 480px, (min-width: 481px) and (max-width: 980px) 980px, (min-width: 981px) 1024px, 100vw\" \/><\/figure><\/div>\n\n\n<p>[\/et_pb_text][\/et_pb_column][\/et_pb_row][\/et_pb_section][et_pb_section fb_built=&#8221;1&#8243; _builder_version=&#8221;4.11.1&#8243; _module_preset=&#8221;default&#8221; global_colors_info=&#8221;{}&#8221;][et_pb_row _builder_version=&#8221;4.11.1&#8243; _module_preset=&#8221;default&#8221; global_colors_info=&#8221;{}&#8221;][et_pb_column type=&#8221;4_4&#8243; _builder_version=&#8221;4.11.1&#8243; _module_preset=&#8221;default&#8221; global_colors_info=&#8221;{}&#8221;][et_pb_image src=&#8221;https:\/\/industriasmastder.com\/wp-content\/uploads\/2021\/10\/5-texturas.png&#8221; title_text=&#8221;5 texturas&#8221; _builder_version=&#8221;4.11.1&#8243; _module_preset=&#8221;default&#8221; global_colors_info=&#8221;{}&#8221;][\/et_pb_image][\/et_pb_column][\/et_pb_row][\/et_pb_section]<\/p>","protected":false},"excerpt":{"rendered":"<p>Rodillo para textura fina. Rodillo en Espuma polie\u0301ster de poros pequen\u0303os, para aplicacio\u0301n de pinturas y recubrimientos finos, solubles en agua.<\/p>\n","protected":false},"author":1,"featured_media":0,"parent":12,"menu_order":0,"comment_status":"closed","ping_status":"closed","template":"","meta":{"_et_pb_use_builder":"on","_et_pb_old_content":"<!-- wp:paragraph -->\r\n<p>R\u00fastico<\/p>\r\n<!-- \/wp:paragraph --><!-- wp:paragraph -->\r\n<p>Rodillo para aplicar pinturas y recubrimientos gruesos, texturables como estuco, Caraplast etc. Cubierta en Polivinil tramado, resistente a los solventes comunes.<\/p>\r\n<!-- \/wp:paragraph --><!-- wp:woocommerce\/handpicked-products {\"editMode\":false,\"products\":[3955,911]} \/--><!-- wp:paragraph -->\r\n<p>Poliester<\/p>\r\n<!-- \/wp:paragraph --><!-- wp:paragraph -->\r\n<p>Rodillo para textura fina. Rodillo en Espuma poli\u00e9ster de poros peque\u00f1os, para aplicaci\u00f3n de pinturas y recubrimientos finos, solubles en agua.<\/p>\r\n<!-- \/wp:paragraph --><!-- wp:woocommerce\/handpicked-products {\"editMode\":false,\"products\":[3957,3956]} \/-->","_et_gb_content_width":"","_monsterinsights_skip_tracking":false,"_monsterinsights_sitenote_active":false,"_monsterinsights_sitenote_note":"","_monsterinsights_sitenote_category":0},"aioseo_notices":[],"_links":{"self":[{"href":"https:\/\/industriasmastder.com\/index.php?rest_route=\/wp\/v2\/pages\/1118"}],"collection":[{"href":"https:\/\/industriasmastder.com\/index.php?rest_route=\/wp\/v2\/pages"}],"about":[{"href":"https:\/\/industriasmastder.com\/index.php?rest_route=\/wp\/v2\/types\/page"}],"author":[{"embeddable":true,"href":"https:\/\/industriasmastder.com\/index.php?rest_route=\/wp\/v2\/users\/1"}],"replies":[{"embeddable":true,"href":"https:\/\/industriasmastder.com\/index.php?rest_route=%2Fwp%2Fv2%2Fcomments&post=1118"}],"version-history":[{"count":10,"href":"https:\/\/industriasmastder.com\/index.php?rest_route=\/wp\/v2\/pages\/1118\/revisions"}],"predecessor-version":[{"id":7263,"href":"https:\/\/industriasmastder.com\/index.php?rest_route=\/wp\/v2\/pages\/1118\/revisions\/7263"}],"up":[{"embeddable":true,"href":"https:\/\/industriasmastder.com\/index.php?rest_route=\/wp\/v2\/pages\/12"}],"wp:attachment":[{"href":"https:\/\/industriasmastder.com\/index.php?rest_route=%2Fwp%2Fv2%2Fmedia&parent=1118"}],"curies":[{"name":"wp","href":"https:\/\/api.w.org\/{rel}","templated":true}]}}