{"id":1120,"date":"2021-03-19T09:23:51","date_gmt":"2021-03-19T14:23:51","guid":{"rendered":"https:\/\/industriasmastder.com\/?page_id=1120"},"modified":"2021-12-07T19:29:30","modified_gmt":"2021-12-08T00:29:30","slug":"rodillos-felpa-para-pintura-epoxica","status":"publish","type":"page","link":"https:\/\/industriasmastder.com\/?page_id=1120","title":{"rendered":"Rodillos Felpa Para Pintura Ep\u00f3xica Lana Natural"},"content":{"rendered":"\n<p><strong>LANA NATURAL<\/strong><\/p>\n\n\n<div class=\"page\" title=\"Page 11\">\n<div class=\"section\">\n<div class=\"layoutArea\">\n<div class=\"column\">\n<p>La cubierta de este rodillo es fabricada con fibras de lana de oveja tipo Mohair sobre superficie sinte\u0301tica y adheri- da al cuerpo del rodillo por termofusio\u0301n. Ideal para acabados finos con barnices, resinas, poliuretanos y pinturas epo\u0301xicas. Excelente terminacio\u0301n en superficies lisas.<\/p>\n<\/div>\n<\/div>\n<\/div>\n<\/div>\n\n<div data-block-name=\"woocommerce\/handpicked-products\" data-edit-mode=\"false\" data-content-visibility=\"{&quot;title&quot;:true,&quot;price&quot;:false,&quot;rating&quot;:false,&quot;button&quot;:false}\" data-products=\"[6965,6962,6960,6959,6961]\" class=\"wc-block-grid wp-block-handpicked-products wc-block-handpicked-products has-3-columns has-multiple-rows\"><ul class=\"wc-block-grid__products\"><li class=\"wc-block-grid__product\">\n\t\t\t\t<a href=\"https:\/\/industriasmastder.com\/?product=rodillo-lana-natural-para-pintura-epoxica-6\" class=\"wc-block-grid__product-link\">\n\t\t\t\t\t<div class=\"wc-block-grid__product-image\"><img width=\"300\" height=\"300\" src=\"https:\/\/industriasmastder.com\/wp-content\/uploads\/2021\/03\/639-Rodillo-Lana-Nartural-para-pintura-Epoxica-6-300x300.jpg\" class=\"attachment-woocommerce_thumbnail size-woocommerce_thumbnail\" alt=\"Rodillo Lana natural para pintura ep\u00f3xica 6&quot;\" decoding=\"async\" loading=\"lazy\" \/><\/div>\n\t\t\t\t\t<div class=\"wc-block-grid__product-title\">Rodillo Lana natural para pintura ep\u00f3xica 6&#8243;<\/div>\n\t\t\t\t<\/a>\n\t\t\t\t\n\t\t\t\t\n\t\t\t\t\n\t\t\t\t\n\t\t\t<\/li><li class=\"wc-block-grid__product\">\n\t\t\t\t<a href=\"https:\/\/industriasmastder.com\/?product=rodillo-lana-natural-para-pintura-epoxica-4\" class=\"wc-block-grid__product-link\">\n\t\t\t\t\t<div class=\"wc-block-grid__product-image\"><img width=\"300\" height=\"300\" src=\"https:\/\/industriasmastder.com\/wp-content\/uploads\/2021\/03\/439-Rodillo-Lana-Natural-para-pintura-epoxica-4-cmyk-300x300.jpg\" class=\"attachment-woocommerce_thumbnail size-woocommerce_thumbnail\" alt=\"Rodillo Lana natural para pintura ep\u00f3xica 4&quot;\" decoding=\"async\" loading=\"lazy\" \/><\/div>\n\t\t\t\t\t<div class=\"wc-block-grid__product-title\">Rodillo Lana natural para pintura ep\u00f3xica 4&#8243;<\/div>\n\t\t\t\t<\/a>\n\t\t\t\t\n\t\t\t\t\n\t\t\t\t\n\t\t\t\t\n\t\t\t<\/li><li class=\"wc-block-grid__product\">\n\t\t\t\t<a href=\"https:\/\/industriasmastder.com\/?product=rodillo-lana-natural-para-pintura-epoxica-2\" class=\"wc-block-grid__product-link\">\n\t\t\t\t\t<div class=\"wc-block-grid__product-image\"><img width=\"300\" height=\"300\" src=\"https:\/\/industriasmastder.com\/wp-content\/uploads\/2021\/03\/279-Rodillo-Lana-Natural-para-Pintura-Epoxica-2-cmyk-300x300.jpg\" class=\"attachment-woocommerce_thumbnail size-woocommerce_thumbnail\" alt=\"Rodillo Lana natural para pintura ep\u00f3xica 2&quot;\" decoding=\"async\" loading=\"lazy\" \/><\/div>\n\t\t\t\t\t<div class=\"wc-block-grid__product-title\">Rodillo Lana natural para pintura ep\u00f3xica 2&#8243;<\/div>\n\t\t\t\t<\/a>\n\t\t\t\t\n\t\t\t\t\n\t\t\t\t\n\t\t\t\t\n\t\t\t<\/li><li class=\"wc-block-grid__product\">\n\t\t\t\t<a href=\"https:\/\/industriasmastder.com\/?product=rodillo-lana-natural-para-pintura-epoxica-9\" class=\"wc-block-grid__product-link\">\n\t\t\t\t\t<div class=\"wc-block-grid__product-image\"><img width=\"300\" height=\"300\" src=\"https:\/\/industriasmastder.com\/wp-content\/uploads\/2021\/03\/949-Rodillo-Lana-Natural-para-pintura-Epoxica-9-300x300.jpg\" class=\"attachment-woocommerce_thumbnail size-woocommerce_thumbnail\" alt=\"Rodillo Lana natural para pintura ep\u00f3xica 9&quot;\" decoding=\"async\" loading=\"lazy\" \/><\/div>\n\t\t\t\t\t<div class=\"wc-block-grid__product-title\">Rodillo Lana natural para pintura ep\u00f3xica 9&#8243;<\/div>\n\t\t\t\t<\/a>\n\t\t\t\t\n\t\t\t\t\n\t\t\t\t\n\t\t\t\t\n\t\t\t<\/li><li class=\"wc-block-grid__product\">\n\t\t\t\t<a href=\"https:\/\/industriasmastder.com\/?product=rodillo-para-pintura-epoxica-3-2\" class=\"wc-block-grid__product-link\">\n\t\t\t\t\t<div class=\"wc-block-grid__product-image\"><img width=\"300\" height=\"300\" src=\"https:\/\/industriasmastder.com\/wp-content\/uploads\/2021\/03\/359-Rodillo-Lana-Natural-para-Pintura-Epoxica-3-cmyk-300x300.jpg\" class=\"attachment-woocommerce_thumbnail size-woocommerce_thumbnail\" alt=\"Rodillo para Pintura Ep\u00f3xica 3&quot;\" decoding=\"async\" loading=\"lazy\" \/><\/div>\n\t\t\t\t\t<div class=\"wc-block-grid__product-title\">Rodillo para Pintura Ep\u00f3xica 3&#8243;<\/div>\n\t\t\t\t<\/a>\n\t\t\t\t\n\t\t\t\t\n\t\t\t\t\n\t\t\t\t\n\t\t\t<\/li><\/ul><\/div>\n\n\n<div class=\"wp-block-image\"><figure class=\"aligncenter size-large\"><img decoding=\"async\" loading=\"lazy\" width=\"1024\" height=\"195\" src=\"https:\/\/industriasmastder.com\/wp-content\/uploads\/2021\/10\/7-Epoxico-Lana-1024x195.png\" alt=\"\" class=\"wp-image-6386\" srcset=\"https:\/\/industriasmastder.com\/wp-content\/uploads\/2021\/10\/7-Epoxico-Lana-980x187.png 980w, https:\/\/industriasmastder.com\/wp-content\/uploads\/2021\/10\/7-Epoxico-Lana-480x92.png 480w\" sizes=\"(min-width: 0px) and (max-width: 480px) 480px, (min-width: 481px) and (max-width: 980px) 980px, (min-width: 981px) 1024px, 100vw\" \/><\/figure><\/div>\n","protected":false},"excerpt":{"rendered":"<p>LANA NATURAL La cubierta de este rodillo es fabricada con fibras de lana de oveja tipo Mohair sobre superficie sinte\u0301tica y adheri- da al cuerpo del rodillo por termofusio\u0301n. Ideal para acabados finos con barnices, resinas, poliuretanos y pinturas epo\u0301xicas. Excelente terminacio\u0301n en superficies lisas.<\/p>\n","protected":false},"author":1,"featured_media":0,"parent":12,"menu_order":0,"comment_status":"closed","ping_status":"closed","template":"","meta":{"_et_pb_use_builder":"on","_et_pb_old_content":"<!-- wp:paragraph -->\r\n<p><strong>LANA NATURAL<\/strong><\/p>\r\n<!-- \/wp:paragraph -->\r\n\r\n<!-- wp:paragraph -->\r\n<p>La cubierta de este rodillo es fabricada con fibras de lana de oveja tipo Mohair sobre superficie sint\u00e9tica y adherida al cuerpo del rodillo por termofusi\u00f3n. Ideal para acabados finos con barnices, resinas, poliuretanos y pinturas ep\u00f3xicas. Excelente terminaci\u00f3n en superficies lisas.<\/p>\r\n<!-- \/wp:paragraph -->\r\n\r\n<!-- wp:woocommerce\/handpicked-products {\"editMode\":false,\"products\":[909,3961,3962,3963,3960]} \/-->\r\n\r\n<!-- wp:paragraph -->\r\n<p>INFORMACI\u00f3N IMPORTANTE<\/p>\r\n<!-- \/wp:paragraph -->\r\n\r\n<!-- wp:paragraph -->\r\n<p><strong><em>Para acabados de \u00f3ptima calidad y para disminuir la presencia de fibras en la superficie pintada, antes y despu\u00e9s de utilizar el rodillo, enju\u00e1guelo con el mismo disolvente que va a utilizar en su pintura ep\u00f3xica. Tenga especial cuidado de no volver a pasar el rodillo sobre una superficie reci\u00e9n pintada, especialmente si est\u00e1 utilizando pintura de secado extra r\u00e1pido, pues corre el riesgo de dejar fibras o l\u00edneas que da\u00f1ar\u00edan el acabado. Deje secar perfectamente antes de aplicar una segunda capa de pintura.<\/em><\/strong><\/p>\r\n<!-- \/wp:paragraph -->\r\n\r\n<!-- wp:paragraph -->\r\n<p><strong><em>Antes de realizar la aplicaci\u00f3n, recomendamos que previamente haga pruebas en otras superficies, para verificar el acabado. Con el uso prolongado y un correcto mantenimiento de estos rodillos se obtienen mejores resultados<\/em><\/strong><\/p>\r\n<!-- \/wp:paragraph -->","_et_gb_content_width":"","_monsterinsights_skip_tracking":false,"_monsterinsights_sitenote_active":false,"_monsterinsights_sitenote_note":"","_monsterinsights_sitenote_category":0},"aioseo_notices":[],"_links":{"self":[{"href":"https:\/\/industriasmastder.com\/index.php?rest_route=\/wp\/v2\/pages\/1120"}],"collection":[{"href":"https:\/\/industriasmastder.com\/index.php?rest_route=\/wp\/v2\/pages"}],"about":[{"href":"https:\/\/industriasmastder.com\/index.php?rest_route=\/wp\/v2\/types\/page"}],"author":[{"embeddable":true,"href":"https:\/\/industriasmastder.com\/index.php?rest_route=\/wp\/v2\/users\/1"}],"replies":[{"embeddable":true,"href":"https:\/\/industriasmastder.com\/index.php?rest_route=%2Fwp%2Fv2%2Fcomments&post=1120"}],"version-history":[{"count":9,"href":"https:\/\/industriasmastder.com\/index.php?rest_route=\/wp\/v2\/pages\/1120\/revisions"}],"predecessor-version":[{"id":7267,"href":"https:\/\/industriasmastder.com\/index.php?rest_route=\/wp\/v2\/pages\/1120\/revisions\/7267"}],"up":[{"embeddable":true,"href":"https:\/\/industriasmastder.com\/index.php?rest_route=\/wp\/v2\/pages\/12"}],"wp:attachment":[{"href":"https:\/\/industriasmastder.com\/index.php?rest_route=%2Fwp%2Fv2%2Fmedia&parent=1120"}],"curies":[{"name":"wp","href":"https:\/\/api.w.org\/{rel}","templated":true}]}}