{"id":12,"date":"2021-03-08T08:25:18","date_gmt":"2021-03-08T13:25:18","guid":{"rendered":"https:\/\/industriasmastder.com\/tienda\/"},"modified":"2021-11-17T16:09:47","modified_gmt":"2021-11-17T21:09:47","slug":"rodillos-para-pintar","status":"publish","type":"page","link":"https:\/\/industriasmastder.com\/?page_id=12","title":{"rendered":"L\u00edneas de Producto"},"content":{"rendered":"\r\n<p class=\"has-text-align-center\">Rodillos Mastder fu\u00e9 la primera empresa en elaborar y distribu\u00edr rodillos para pintar en Colombia y a su vez, fu\u00e9 pionera en la ense\u00f1anza sobre la utilizaci\u00f3n y ventajas de esta herramienta en nuestro pa\u00eds.<\/p>\r\n\r\n\r\n\r\n<p class=\"has-text-align-center\">La experiencia del fundador de Rodillos Mastder Ltda., en el ramo de la pintura, adquirida durante su trabajo en una multinacional en la d\u00e9cada de los 60 le permiti\u00f3 posicionarse como \u00fanico productor Colombiano en el mercado de los accesorios para pintar a nivel nacional.<\/p>\r\n\r\n\r\n\r\n<p class=\"has-text-align-center\">Actualmente Rodillos Mastder, ostenta su liderazgo en el mercado Colombiano, gracias al compromiso de sus funcionarios, al servicio al cliente y a la calidad de sus productos, lo que le ha permitido incursionar en otros pa\u00edses latinoamericanos con el mismo \u00e9xito.<\/p>\r\n\r\n\r\n<hr class=\"wp-block-separator\" \/>\r\n\r\n<div data-block-name=\"woocommerce\/featured-category\" data-edit-mode=\"false\" data-category-id=\"692\" class=\"wc-block-featured-category alignnone has-background-dim wp-block-woocommerce-featured-category\" style=\"min-height:500px;\"><div class=\"wc-block-featured-category__wrapper\"><div class=\"background-dim__overlay\" style=\"background-color: #000000\"><\/div><img decoding=\"async\" alt=\"Mastder\" class=\"wc-block-featured-category__background-image\" src=\"https:\/\/industriasmastder.com\/wp-content\/uploads\/2021\/07\/Recurso-24.png\" style=\"object-fit: none;object-position: 50% 50%;\" \/><h2 class=\"wc-block-featured-category__title\">Mastder<\/h2><div class=\"wc-block-featured-category__description\"><\/div><div class=\"wc-block-featured-category__link\">\r\n\r\n\r\n<div class=\"wp-block-button aligncenter\"><a class=\"wp-block-button__link\" href=\"https:\/\/industriasmastder.com\/?product_cat=mastder\">Comprar ahora<\/a><\/div>\r\n<\/div><\/div><\/div>\r\n\r\n\r\n<div class=\"wp-block-divi-layout\">\r\n<p>[et_pb_section][et_pb_row][et_pb_column type=&#8221;4_4&#8243;][et_pb_text]<\/p>\r\n\r\n<p class=\"has-text-align-center\">Rodillos Mastder fu\u00e9 la primera empresa en elaborar y distribu\u00edr rodillos para pintar en Colombia y a su vez, fu\u00e9 pionera en la ense\u00f1anza sobre la utilizaci\u00f3n y ventajas de esta herramienta en nuestro pa\u00eds.<\/p>\r\n\r\n\r\n\r\n<p class=\"has-text-align-center\">La experiencia del fundador de Rodillos Mastder Ltda., en el ramo de la pintura, adquirida durante su trabajo en una multinacional en la d\u00e9cada de los 60 le permiti\u00f3 posicionarse como \u00fanico productor Colombiano en el mercado de los accesorios para pintar a nivel nacional.<\/p>\r\n\r\n\r\n\r\n<p class=\"has-text-align-center\">Actualmente Rodillos Mastder, ostenta su liderazgo en el mercado Colombiano, gracias al compromiso de sus funcionarios, al servicio al cliente y a la calidad de sus productos, lo que le ha permitido incursionar en otros pa\u00edses latinoamericanos con el mismo \u00e9xito.<\/p>\r\n\r\n\r\n<hr class=\"wp-block-separator\" \/>\r\n\r\n<div data-block-name=\"woocommerce\/all-products\" data-columns=\"3\" data-rows=\"3\" data-align-buttons=\"false\" data-content-visibility=\"{&quot;orderBy&quot;:true}\" data-orderby=\"date\" data-layout-config=\"[[&quot;woocommerce\\\/product-image&quot;],[&quot;woocommerce\\\/product-title&quot;],[&quot;woocommerce\\\/product-price&quot;],[&quot;woocommerce\\\/product-rating&quot;],[&quot;woocommerce\\\/product-button&quot;]]\" class=\"wp-block-woocommerce-all-products wc-block-all-products\" data-attributes=\"{&quot;alignButtons&quot;:false,&quot;columns&quot;:3,&quot;contentVisibility&quot;:{&quot;orderBy&quot;:true},&quot;isPreview&quot;:false,&quot;layoutConfig&quot;:[[&quot;woocommerce\/product-image&quot;],[&quot;woocommerce\/product-title&quot;],[&quot;woocommerce\/product-price&quot;],[&quot;woocommerce\/product-rating&quot;],[&quot;woocommerce\/product-button&quot;]],&quot;orderby&quot;:&quot;date&quot;,&quot;rows&quot;:3}\">\u00a0<\/div>\r\n<p>[\/et_pb_text][\/et_pb_column][\/et_pb_row][\/et_pb_section]<\/p>\r\n<\/div>\r\n\r\n\r\n<div data-block-name=\"woocommerce\/all-products\" data-columns=\"3\" data-rows=\"3\" data-align-buttons=\"false\" data-content-visibility=\"{&quot;orderBy&quot;:true}\" data-orderby=\"date\" data-layout-config=\"[[&quot;woocommerce\\\/product-image&quot;,{&quot;productLink&quot;:true,&quot;showSaleBadge&quot;:true,&quot;saleBadgeAlign&quot;:&quot;right&quot;,&quot;imageSizing&quot;:&quot;full-size&quot;,&quot;productId&quot;:0,&quot;children&quot;:[]}],[&quot;woocommerce\\\/product-title&quot;,{&quot;headingLevel&quot;:2,&quot;productLink&quot;:true,&quot;productId&quot;:0,&quot;children&quot;:[]}],[&quot;woocommerce\\\/product-rating&quot;,{&quot;productId&quot;:0,&quot;children&quot;:[]}]]\" class=\"wp-block-woocommerce-all-products wc-block-all-products\" data-attributes=\"{&quot;alignButtons&quot;:false,&quot;columns&quot;:3,&quot;contentVisibility&quot;:{&quot;orderBy&quot;:true},&quot;isPreview&quot;:false,&quot;layoutConfig&quot;:[[&quot;woocommerce\/product-image&quot;,{&quot;productLink&quot;:true,&quot;showSaleBadge&quot;:true,&quot;saleBadgeAlign&quot;:&quot;right&quot;,&quot;imageSizing&quot;:&quot;full-size&quot;,&quot;productId&quot;:0,&quot;children&quot;:[]}],[&quot;woocommerce\/product-title&quot;,{&quot;headingLevel&quot;:2,&quot;productLink&quot;:true,&quot;productId&quot;:0,&quot;children&quot;:[]}],[&quot;woocommerce\/product-rating&quot;,{&quot;productId&quot;:0,&quot;children&quot;:[]}]],&quot;orderby&quot;:&quot;date&quot;,&quot;rows&quot;:3}\"><div data-block-name=\"woocommerce\/product-image\" class=\"wp-block-woocommerce-product-image is-loading\">\u00a0<\/div>\r\n\r\n<div data-block-name=\"woocommerce\/product-title\" class=\"wp-block-woocommerce-product-title is-loading\">\u00a0<\/div>\r\n\r\n<div data-block-name=\"woocommerce\/product-rating\" class=\"wp-block-woocommerce-product-rating is-loading\">\u00a0<\/div><\/div>","protected":false},"excerpt":{"rendered":"<p>Rodillos Mastder fu\u00e9 la primera empresa en elaborar y distribu\u00edr rodillos para pintar en Colombia y a su vez, fu\u00e9 pionera en la ense\u00f1anza sobre la utilizaci\u00f3n y ventajas de esta herramienta en nuestro pa\u00eds. La experiencia del fundador de Rodillos Mastder Ltda., en el ramo de la pintura, adquirida durante su trabajo en una [&hellip;]<\/p>\n","protected":false},"author":1,"featured_media":0,"parent":0,"menu_order":0,"comment_status":"closed","ping_status":"closed","template":"","meta":{"_et_pb_use_builder":"on","_et_pb_old_content":"<!-- wp:paragraph {\"align\":\"center\"} -->\r\n<p class=\"has-text-align-center\">Rodillos Mastder fu\u00e9 la primera empresa en elaborar y distribu\u00edr rodillos para pintar en Colombia y a su vez, fu\u00e9 pionera en la ense\u00f1anza sobre la utilizaci\u00f3n y ventajas de esta herramienta en nuestro pa\u00eds.<\/p>\r\n<!-- \/wp:paragraph -->\r\n\r\n<!-- wp:paragraph {\"align\":\"center\"} -->\r\n<p class=\"has-text-align-center\">La experiencia del fundador de Rodillos Mastder Ltda., en el ramo de la pintura, adquirida durante su trabajo en una multinacional en la d\u00e9cada de los 60 le permiti\u00f3 posicionarse como \u00fanico productor Colombiano en el mercado de los accesorios para pintar a nivel nacional.<\/p>\r\n<!-- \/wp:paragraph -->\r\n\r\n<!-- wp:paragraph {\"align\":\"center\"} -->\r\n<p class=\"has-text-align-center\">Actualmente Rodillos Mastder, ostenta su liderazgo en el mercado Colombiano, gracias al compromiso de sus funcionarios, al servicio al cliente y a la calidad de sus productos, lo que le ha permitido incursionar en otros pa\u00edses latinoamericanos con el mismo \u00e9xito.<\/p>\r\n<!-- \/wp:paragraph -->\r\n\r\n<!-- wp:separator --><hr class=\"wp-block-separator\" \/><!-- \/wp:separator -->\r\n\r\n<!-- wp:woocommerce\/featured-category {\"editMode\":false,\"categoryId\":692} -->\r\n\r\n<!-- wp:button {\"align\":\"center\"} -->\r\n<div class=\"wp-block-button aligncenter\"><a class=\"wp-block-button__link\" href=\"https:\/\/industriasmastder.com\/?product_cat=mastder\">Comprar ahora<\/a><\/div>\r\n<!-- \/wp:button --><!-- \/wp:woocommerce\/featured-category -->\r\n\r\n<!-- wp:divi\/layout -->\r\n<div class=\"wp-block-divi-layout\">\r\n<p>[et_pb_section][et_pb_row][et_pb_column type=\"4_4\"][et_pb_text]<\/p>\r\n<!-- wp:paragraph {\"align\":\"center\"} -->\r\n<p class=\"has-text-align-center\">Rodillos Mastder fu\u00e9 la primera empresa en elaborar y distribu\u00edr rodillos para pintar en Colombia y a su vez, fu\u00e9 pionera en la ense\u00f1anza sobre la utilizaci\u00f3n y ventajas de esta herramienta en nuestro pa\u00eds.<\/p>\r\n<!-- \/wp:paragraph -->\r\n\r\n<!-- wp:paragraph {\"align\":\"center\"} -->\r\n<p class=\"has-text-align-center\">La experiencia del fundador de Rodillos Mastder Ltda., en el ramo de la pintura, adquirida durante su trabajo en una multinacional en la d\u00e9cada de los 60 le permiti\u00f3 posicionarse como \u00fanico productor Colombiano en el mercado de los accesorios para pintar a nivel nacional.<\/p>\r\n<!-- \/wp:paragraph -->\r\n\r\n<!-- wp:paragraph {\"align\":\"center\"} -->\r\n<p class=\"has-text-align-center\">Actualmente Rodillos Mastder, ostenta su liderazgo en el mercado Colombiano, gracias al compromiso de sus funcionarios, al servicio al cliente y a la calidad de sus productos, lo que le ha permitido incursionar en otros pa\u00edses latinoamericanos con el mismo \u00e9xito.<\/p>\r\n<!-- \/wp:paragraph -->\r\n\r\n<!-- wp:separator --><hr class=\"wp-block-separator\" \/><!-- \/wp:separator -->\r\n\r\n<!-- wp:woocommerce\/all-products {\"columns\":3,\"rows\":3,\"alignButtons\":false,\"contentVisibility\":{\"orderBy\":true},\"orderby\":\"date\",\"layoutConfig\":[[\"woocommerce\/product-image\"],[\"woocommerce\/product-title\"],[\"woocommerce\/product-price\"],[\"woocommerce\/product-rating\"],[\"woocommerce\/product-button\"]]} -->\r\n<div class=\"wp-block-woocommerce-all-products wc-block-all-products\" data-attributes=\"{\"alignButtons\":false,\"columns\":3,\"contentVisibility\":{\"orderBy\":true},\"isPreview\":false,\"layoutConfig\":[[\"woocommerce\/product-image\"],[\"woocommerce\/product-title\"],[\"woocommerce\/product-price\"],[\"woocommerce\/product-rating\"],[\"woocommerce\/product-button\"]],\"orderby\":\"date\",\"rows\":3}\">\u00a0<\/div>\r\n<!-- \/wp:woocommerce\/all-products -->\r\n<p>[\/et_pb_text][\/et_pb_column][\/et_pb_row][\/et_pb_section]<\/p>\r\n<\/div>\r\n<!-- \/wp:divi\/layout -->\r\n\r\n<!-- wp:woocommerce\/all-products {\"columns\":3,\"rows\":3,\"alignButtons\":false,\"contentVisibility\":{\"orderBy\":true},\"orderby\":\"date\",\"layoutConfig\":[[\"woocommerce\/product-image\",{\"productLink\":true,\"showSaleBadge\":true,\"saleBadgeAlign\":\"right\",\"imageSizing\":\"full-size\",\"productId\":0,\"children\":[]}],[\"woocommerce\/product-title\",{\"headingLevel\":2,\"productLink\":true,\"productId\":0,\"children\":[]}],[\"woocommerce\/product-rating\",{\"productId\":0,\"children\":[]}]]} -->\r\n<div class=\"wp-block-woocommerce-all-products wc-block-all-products\" data-attributes=\"{\"alignButtons\":false,\"columns\":3,\"contentVisibility\":{\"orderBy\":true},\"isPreview\":false,\"layoutConfig\":[[\"woocommerce\/product-image\",{\"productLink\":true,\"showSaleBadge\":true,\"saleBadgeAlign\":\"right\",\"imageSizing\":\"full-size\",\"productId\":0,\"children\":[]}],[\"woocommerce\/product-title\",{\"headingLevel\":2,\"productLink\":true,\"productId\":0,\"children\":[]}],[\"woocommerce\/product-rating\",{\"productId\":0,\"children\":[]}]],\"orderby\":\"date\",\"rows\":3}\"><!-- wp:woocommerce\/product-image -->\r\n<div class=\"wp-block-woocommerce-product-image is-loading\">\u00a0<\/div>\r\n<!-- \/wp:woocommerce\/product-image -->\r\n\r\n<!-- wp:woocommerce\/product-title -->\r\n<div class=\"wp-block-woocommerce-product-title is-loading\">\u00a0<\/div>\r\n<!-- \/wp:woocommerce\/product-title -->\r\n\r\n<!-- wp:woocommerce\/product-rating -->\r\n<div class=\"wp-block-woocommerce-product-rating is-loading\">\u00a0<\/div>\r\n<!-- \/wp:woocommerce\/product-rating --><\/div>\r\n<!-- \/wp:woocommerce\/all-products -->","_et_gb_content_width":"793","_monsterinsights_skip_tracking":false,"_monsterinsights_sitenote_active":false,"_monsterinsights_sitenote_note":"","_monsterinsights_sitenote_category":0},"aioseo_notices":[],"_links":{"self":[{"href":"https:\/\/industriasmastder.com\/index.php?rest_route=\/wp\/v2\/pages\/12"}],"collection":[{"href":"https:\/\/industriasmastder.com\/index.php?rest_route=\/wp\/v2\/pages"}],"about":[{"href":"https:\/\/industriasmastder.com\/index.php?rest_route=\/wp\/v2\/types\/page"}],"author":[{"embeddable":true,"href":"https:\/\/industriasmastder.com\/index.php?rest_route=\/wp\/v2\/users\/1"}],"replies":[{"embeddable":true,"href":"https:\/\/industriasmastder.com\/index.php?rest_route=%2Fwp%2Fv2%2Fcomments&post=12"}],"version-history":[{"count":10,"href":"https:\/\/industriasmastder.com\/index.php?rest_route=\/wp\/v2\/pages\/12\/revisions"}],"predecessor-version":[{"id":5253,"href":"https:\/\/industriasmastder.com\/index.php?rest_route=\/wp\/v2\/pages\/12\/revisions\/5253"}],"wp:attachment":[{"href":"https:\/\/industriasmastder.com\/index.php?rest_route=%2Fwp%2Fv2%2Fmedia&parent=12"}],"curies":[{"name":"wp","href":"https:\/\/api.w.org\/{rel}","templated":true}]}}