{"id":4271,"date":"2021-07-20T21:11:48","date_gmt":"2021-07-21T02:11:48","guid":{"rendered":"https:\/\/industriasmastder.com\/?page_id=4271"},"modified":"2021-12-07T19:26:19","modified_gmt":"2021-12-08T00:26:19","slug":"rodillos-para-fibra-de-vidrio","status":"publish","type":"page","link":"https:\/\/industriasmastder.com\/?page_id=4271","title":{"rendered":"Rodillos para Fibra de Vidrio"},"content":{"rendered":"<p>[et_pb_section fb_built=&#8221;1&#8243; _builder_version=&#8221;4.11.1&#8243; _module_preset=&#8221;default&#8221; global_colors_info=&#8221;{}&#8221;][et_pb_row _builder_version=&#8221;4.11.1&#8243; _module_preset=&#8221;default&#8221; global_colors_info=&#8221;{}&#8221;][et_pb_column type=&#8221;4_4&#8243; _builder_version=&#8221;4.11.1&#8243; _module_preset=&#8221;default&#8221; global_colors_info=&#8221;{}&#8221;][et_pb_text _builder_version=&#8221;4.11.1&#8243; _module_preset=&#8221;default&#8221; global_colors_info=&#8221;{}&#8221;]<\/p>\n<div class=\"page\" title=\"Page 10\">\n<div class=\"section\">\n<div class=\"layoutArea\">\n<div class=\"column\">\n<p>En la felpa utilizada en este rodillo, los lamentos esta\u0301n dispuestos de manera que permiten el arrastre y distribucio\u0301n de la resina y de las bras de vidrio, de una manera homoge\u0301nea en a\u0301reas grandes de trabajo, sin que pierda su efectividad. Teniendo en cuenta que esta es una herramienta de uso limitado por el ra\u0301pido secado de la resina, el costo de la misma, la hace una muy buena opcio\u0301n.<\/p>\n<\/div>\n<\/div>\n<\/div>\n<\/div>\n<p>[\/et_pb_text][\/et_pb_column][\/et_pb_row][et_pb_row _builder_version=&#8221;4.11.1&#8243; _module_preset=&#8221;default&#8221; global_colors_info=&#8221;{}&#8221;][et_pb_column type=&#8221;4_4&#8243; _builder_version=&#8221;4.11.1&#8243; _module_preset=&#8221;default&#8221; global_colors_info=&#8221;{}&#8221;][et_pb_text _builder_version=&#8221;4.11.1&#8243; _module_preset=&#8221;default&#8221; hover_enabled=&#8221;0&#8243; global_colors_info=&#8221;{}&#8221; sticky_enabled=&#8221;0&#8243;]<\/p>\n<p><\/p>\n\n<div data-block-name=\"woocommerce\/handpicked-products\" data-edit-mode=\"false\" data-content-visibility=\"{&quot;title&quot;:true,&quot;price&quot;:false,&quot;rating&quot;:true,&quot;button&quot;:false}\" data-products=\"[7002,7001,7003]\" class=\"wc-block-grid wp-block-handpicked-products wc-block-handpicked-products has-3-columns has-multiple-rows\"><ul class=\"wc-block-grid__products\"><li class=\"wc-block-grid__product\">\n\t\t\t\t<a href=\"https:\/\/industriasmastder.com\/?product=rodillo-de-felpa-para-fibra-de-vidrio-9\" class=\"wc-block-grid__product-link\">\n\t\t\t\t\t<div class=\"wc-block-grid__product-image\"><img width=\"300\" height=\"300\" src=\"https:\/\/industriasmastder.com\/wp-content\/uploads\/2021\/03\/812RodillodeFelpapara-FibradeVidrio9_-300x300.jpg\" class=\"attachment-woocommerce_thumbnail size-woocommerce_thumbnail\" alt=\"Rodillo de Felpa para Fibra de Vidrio 9&quot;\" decoding=\"async\" loading=\"lazy\" \/><\/div>\n\t\t\t\t\t<div class=\"wc-block-grid__product-title\">Rodillo de Felpa para Fibra de Vidrio 9&#8243;<\/div>\n\t\t\t\t<\/a>\n\t\t\t\t\n\t\t\t\t\n\t\t\t\t<div class=\"wc-block-grid__product-rating\"><div class=\"star-rating\" role=\"img\" aria-label=\"Valorado en 2.20 de 5\"><span style=\"width:44%\">Valorado <strong class=\"rating\">2.20<\/strong> sobre 5 basado en <span class=\"rating\">5<\/span> puntuaciones de clientes<\/span><\/div><\/div>\n\t\t\t\t\n\t\t\t<\/li><li class=\"wc-block-grid__product\">\n\t\t\t\t<a href=\"https:\/\/industriasmastder.com\/?product=rodillo-de-felpa-para-fibra-de-vidrio-7\" class=\"wc-block-grid__product-link\">\n\t\t\t\t\t<div class=\"wc-block-grid__product-image\"><img width=\"300\" height=\"300\" src=\"https:\/\/industriasmastder.com\/wp-content\/uploads\/2021\/03\/712Rodillodefelpapara-FibradeVidrio7_-300x300.jpg\" class=\"attachment-woocommerce_thumbnail size-woocommerce_thumbnail\" alt=\"Rodillo de Felpa para Fibra de Vidrio 7&quot;\" decoding=\"async\" loading=\"lazy\" \/><\/div>\n\t\t\t\t\t<div class=\"wc-block-grid__product-title\">Rodillo de Felpa para Fibra de Vidrio 7&#8243;<\/div>\n\t\t\t\t<\/a>\n\t\t\t\t\n\t\t\t\t\n\t\t\t\t\n\t\t\t\t\n\t\t\t<\/li><li class=\"wc-block-grid__product\">\n\t\t\t\t<a href=\"https:\/\/industriasmastder.com\/?product=rodillo-de-felpa-para-fibra-de-vidrio-4\" class=\"wc-block-grid__product-link\">\n\t\t\t\t\t<div class=\"wc-block-grid__product-image\"><img width=\"300\" height=\"300\" src=\"https:\/\/industriasmastder.com\/wp-content\/uploads\/2021\/03\/422RodillodeFelpapara-FibradeVidrio4_-300x300.jpg\" class=\"attachment-woocommerce_thumbnail size-woocommerce_thumbnail\" alt=\"Rodillo de Felpa para Fibra de Vidrio 4&quot;\" decoding=\"async\" loading=\"lazy\" \/><\/div>\n\t\t\t\t\t<div class=\"wc-block-grid__product-title\">Rodillo de Felpa para Fibra de Vidrio 4&#8243;<\/div>\n\t\t\t\t<\/a>\n\t\t\t\t\n\t\t\t\t\n\t\t\t\t\n\t\t\t\t\n\t\t\t<\/li><\/ul><\/div>\n\n\n<div class=\"wp-block-image\"><figure class=\"aligncenter size-large\"><img decoding=\"async\" loading=\"lazy\" width=\"1024\" height=\"134\" src=\"https:\/\/industriasmastder.com\/wp-content\/uploads\/2021\/10\/6-fibra-de-Vidrio-1024x134.png\" alt=\"\" class=\"wp-image-6344\" srcset=\"https:\/\/industriasmastder.com\/wp-content\/uploads\/2021\/10\/6-fibra-de-Vidrio-980x129.png 980w, https:\/\/industriasmastder.com\/wp-content\/uploads\/2021\/10\/6-fibra-de-Vidrio-480x63.png 480w\" sizes=\"(min-width: 0px) and (max-width: 480px) 480px, (min-width: 481px) and (max-width: 980px) 980px, (min-width: 981px) 1024px, 100vw\" \/><\/figure><\/div>\n\n\n<p><\/p>\n<p>[\/et_pb_text][\/et_pb_column][\/et_pb_row][\/et_pb_section][et_pb_section fb_built=&#8221;1&#8243; _builder_version=&#8221;4.11.1&#8243; _module_preset=&#8221;default&#8221; global_colors_info=&#8221;{}&#8221;][et_pb_row _builder_version=&#8221;4.11.1&#8243; _module_preset=&#8221;default&#8221; global_colors_info=&#8221;{}&#8221;][et_pb_column type=&#8221;4_4&#8243; _builder_version=&#8221;4.11.1&#8243; _module_preset=&#8221;default&#8221; global_colors_info=&#8221;{}&#8221;][et_pb_image src=&#8221;https:\/\/industriasmastder.com\/wp-content\/uploads\/2021\/10\/6-fibra-de-Vidrio.png&#8221; title_text=&#8221;6 fibra de Vidrio&#8221; _builder_version=&#8221;4.11.1&#8243; _module_preset=&#8221;default&#8221; global_colors_info=&#8221;{}&#8221;][\/et_pb_image][\/et_pb_column][\/et_pb_row][\/et_pb_section]<\/p>","protected":false},"excerpt":{"rendered":"<p>En la felpa utilizada en este rodillo, los lamentos esta\u0301n dispuestos de manera que permiten el arrastre y distribucio\u0301n de la resina y de las bras de vidrio, de una manera homoge\u0301nea en a\u0301reas grandes de trabajo, sin que pierda su efectividad. Teniendo en cuenta que esta es una herramienta de uso limitado por el [&hellip;]<\/p>\n","protected":false},"author":3,"featured_media":0,"parent":12,"menu_order":0,"comment_status":"closed","ping_status":"closed","template":"","meta":{"_et_pb_use_builder":"on","_et_pb_old_content":"<!-- wp:paragraph -->\r\n<p>En la felpa utilizada en este rodillo, los filamentos est\u00e1n dispuestos de manera que permiten el arrastre y distribuci\u00f3n de la resina y de las fibras de vidrio, de una manera homog\u00e9nea en \u00e1reas grandes de trabajo, sin que pierda su efectividad. Teniendo en cuenta que esta es una herramienta de uso limitado por el r\u00e1pido secado de la resina, el costo de la misma, la hace una muy buena opci\u00f3n.<\/p>\r\n<!-- \/wp:paragraph -->\r\n<p>\u00a0<\/p>\r\n<!-- wp:woocommerce\/handpicked-products {\"editMode\":false,\"products\":[3967,3968,3227,3966]} \/-->\r\n<p>\u00a0<\/p>\r\n<!-- wp:paragraph -->\r\n<p>\u00a0<\/p>\r\n<!-- \/wp:paragraph -->\r\n<p>\u00a0<\/p>\r\n<!-- wp:table -->\r\n<figure class=\"wp-block-table\">\r\n<table>\r\n<tbody>\r\n<tr>\r\n<td>REF:<\/td>\r\n<td>DESCRIPCION<\/td>\r\n<td>MEDIDA<\/td>\r\n<td>CALIBRE ALAMBRE<\/td>\r\n<td>ALTURA DE LA FELPA<\/td>\r\n<td>UNIDAD DE\u00a0 EMPAQUE<\/td>\r\n<\/tr>\r\n<tr>\r\n<td>CENT.<\/td>\r\n<td>PULG.<\/td>\r\n<\/tr>\r\n<tr>\r\n<td>422<\/td>\r\n<td>Rodillo de Felpa para Fibra de Vidrio 4\u201d<\/td>\r\n<td>10,2 cms<\/td>\r\n<td>4\u201d<\/td>\r\n<td>5,20 mm<\/td>\r\n<td>16 mm<\/td>\r\n<td>docena<\/td>\r\n<\/tr>\r\n<tr>\r\n<td>712<\/td>\r\n<td>Rodillo de Felpa para Fibra de Vidrio 7\u201d<\/td>\r\n<td>17,8 cms<\/td>\r\n<td>7\u201d<\/td>\r\n<td>5,20 mm<\/td>\r\n<td>16 mm<\/td>\r\n<td>docena<\/td>\r\n<\/tr>\r\n<tr>\r\n<td>812<\/td>\r\n<td>Rodillo de Felpa para Fibra de Vidrio 9\u201d<\/td>\r\n<td>23 cms<\/td>\r\n<td>9\u201d<\/td>\r\n<td>5,20 mm<\/td>\r\n<td>16 mm<\/td>\r\n<td>docena<\/td>\r\n<\/tr>\r\n<\/tbody>\r\n<\/table>\r\n<\/figure>\r\n<!-- \/wp:table -->","_et_gb_content_width":"","_monsterinsights_skip_tracking":false,"_monsterinsights_sitenote_active":false,"_monsterinsights_sitenote_note":"","_monsterinsights_sitenote_category":0},"aioseo_notices":[],"_links":{"self":[{"href":"https:\/\/industriasmastder.com\/index.php?rest_route=\/wp\/v2\/pages\/4271"}],"collection":[{"href":"https:\/\/industriasmastder.com\/index.php?rest_route=\/wp\/v2\/pages"}],"about":[{"href":"https:\/\/industriasmastder.com\/index.php?rest_route=\/wp\/v2\/types\/page"}],"author":[{"embeddable":true,"href":"https:\/\/industriasmastder.com\/index.php?rest_route=\/wp\/v2\/users\/3"}],"replies":[{"embeddable":true,"href":"https:\/\/industriasmastder.com\/index.php?rest_route=%2Fwp%2Fv2%2Fcomments&post=4271"}],"version-history":[{"count":10,"href":"https:\/\/industriasmastder.com\/index.php?rest_route=\/wp\/v2\/pages\/4271\/revisions"}],"predecessor-version":[{"id":7264,"href":"https:\/\/industriasmastder.com\/index.php?rest_route=\/wp\/v2\/pages\/4271\/revisions\/7264"}],"up":[{"embeddable":true,"href":"https:\/\/industriasmastder.com\/index.php?rest_route=\/wp\/v2\/pages\/12"}],"wp:attachment":[{"href":"https:\/\/industriasmastder.com\/index.php?rest_route=%2Fwp%2Fv2%2Fmedia&parent=4271"}],"curies":[{"name":"wp","href":"https:\/\/api.w.org\/{rel}","templated":true}]}}