{"id":4276,"date":"2021-07-20T21:14:06","date_gmt":"2021-07-21T02:14:06","guid":{"rendered":"https:\/\/industriasmastder.com\/?page_id=4276"},"modified":"2021-12-07T19:35:43","modified_gmt":"2021-12-08T00:35:43","slug":"rodillos-para-tejas","status":"publish","type":"page","link":"https:\/\/industriasmastder.com\/?page_id=4276","title":{"rendered":"Rodillos para Tejas"},"content":{"rendered":"<p>[et_pb_section fb_built=&#8221;1&#8243; _builder_version=&#8221;3.22&#8243; global_colors_info=&#8221;{}&#8221;][et_pb_row _builder_version=&#8221;3.25&#8243; background_size=&#8221;initial&#8221; background_position=&#8221;top_left&#8221; background_repeat=&#8221;repeat&#8221; global_colors_info=&#8221;{}&#8221;][et_pb_column type=&#8221;4_4&#8243; _builder_version=&#8221;3.25&#8243; custom_padding=&#8221;|||&#8221; global_colors_info=&#8221;{}&#8221; custom_padding__hover=&#8221;|||&#8221;][et_pb_text _builder_version=&#8221;4.11.2&#8243; background_size=&#8221;initial&#8221; background_position=&#8221;top_left&#8221; background_repeat=&#8221;repeat&#8221; global_colors_info=&#8221;{}&#8221;]El dise\u00f1o de estos rodillos los convierte&nbsp; en la opci\u00f3n&nbsp; ideal para pintar superficies onduladas. El rodillo esf\u00e9rico de l\u00e1tex distribuye la sustancia de recubrimiento en la cara exterior de las tejas de fibrocemento y el rodillo esf\u00e9rico de felpa pinta, con movimientos ondulatorios y a lo largo de la superficie acanalada de las tejas.[\/et_pb_text][\/et_pb_column][\/et_pb_row][et_pb_row _builder_version=&#8221;4.11.2&#8243; _module_preset=&#8221;default&#8221; global_colors_info=&#8221;{}&#8221;][et_pb_column type=&#8221;4_4&#8243; _builder_version=&#8221;4.11.2&#8243; _module_preset=&#8221;default&#8221; global_colors_info=&#8221;{}&#8221;][et_pb_text _builder_version=&#8221;4.11.2&#8243; _module_preset=&#8221;default&#8221; global_colors_info=&#8221;{}&#8221;]<\/p>\n<p><\/p>\n\n<div data-block-name=\"woocommerce\/handpicked-products\" data-edit-mode=\"false\" data-content-visibility=\"{&quot;title&quot;:true,&quot;price&quot;:false,&quot;rating&quot;:true,&quot;button&quot;:false}\" data-products=\"[7007,7006,7008]\" class=\"wc-block-grid wp-block-handpicked-products wc-block-handpicked-products has-3-columns has-multiple-rows\"><ul class=\"wc-block-grid__products\"><li class=\"wc-block-grid__product\">\n\t\t\t\t<a href=\"https:\/\/industriasmastder.com\/?product=rodillo-pintuzinc-latex-ovejero\" class=\"wc-block-grid__product-link\">\n\t\t\t\t\t<div class=\"wc-block-grid__product-image\"><img width=\"300\" height=\"300\" src=\"https:\/\/industriasmastder.com\/wp-content\/uploads\/2021\/03\/607RodilloPintuzincLatexOvejero-300x300.jpg\" class=\"attachment-woocommerce_thumbnail size-woocommerce_thumbnail\" alt=\"Rodillo Pintuzinc l\u00e1tex - ovejero\" decoding=\"async\" loading=\"lazy\" \/><\/div>\n\t\t\t\t\t<div class=\"wc-block-grid__product-title\">Rodillo Pintuzinc l\u00e1tex &#8211; ovejero<\/div>\n\t\t\t\t<\/a>\n\t\t\t\t\n\t\t\t\t\n\t\t\t\t\n\t\t\t\t\n\t\t\t<\/li><li class=\"wc-block-grid__product\">\n\t\t\t\t<a href=\"https:\/\/industriasmastder.com\/?product=rodillo-esferico-de-latex-para-tejas\" class=\"wc-block-grid__product-link\">\n\t\t\t\t\t<div class=\"wc-block-grid__product-image\"><img width=\"300\" height=\"300\" src=\"https:\/\/industriasmastder.com\/wp-content\/uploads\/2021\/03\/707RodilloEsfericodeLatex-ParaTeja-300x300.jpg\" class=\"attachment-woocommerce_thumbnail size-woocommerce_thumbnail\" alt=\"Rodillo esf\u00e9rico de l\u00e1tex para tejas\" decoding=\"async\" loading=\"lazy\" \/><\/div>\n\t\t\t\t\t<div class=\"wc-block-grid__product-title\">Rodillo esf\u00e9rico de l\u00e1tex para tejas<\/div>\n\t\t\t\t<\/a>\n\t\t\t\t\n\t\t\t\t\n\t\t\t\t\n\t\t\t\t\n\t\t\t<\/li><li class=\"wc-block-grid__product\">\n\t\t\t\t<a href=\"https:\/\/industriasmastder.com\/?product=rodillo-esferico-de-felpa-para-tejas\" class=\"wc-block-grid__product-link\">\n\t\t\t\t\t<div class=\"wc-block-grid__product-image\"><img width=\"300\" height=\"300\" src=\"https:\/\/industriasmastder.com\/wp-content\/uploads\/2021\/03\/706RodilloEsfericodeFelpaparaTejas-300x300.jpg\" class=\"attachment-woocommerce_thumbnail size-woocommerce_thumbnail\" alt=\"Rodillo esf\u00e9rico de felpa para tejas\" decoding=\"async\" loading=\"lazy\" \/><\/div>\n\t\t\t\t\t<div class=\"wc-block-grid__product-title\">Rodillo esf\u00e9rico de felpa para tejas<\/div>\n\t\t\t\t<\/a>\n\t\t\t\t\n\t\t\t\t\n\t\t\t\t\n\t\t\t\t\n\t\t\t<\/li><\/ul><\/div>\n\n\n<div class=\"wp-block-image\"><figure class=\"aligncenter size-large\"><img decoding=\"async\" loading=\"lazy\" width=\"1024\" height=\"147\" src=\"https:\/\/industriasmastder.com\/wp-content\/uploads\/2021\/10\/14-tejas-1024x147.png\" alt=\"\" class=\"wp-image-6410\" srcset=\"https:\/\/industriasmastder.com\/wp-content\/uploads\/2021\/10\/14-tejas-980x140.png 980w, https:\/\/industriasmastder.com\/wp-content\/uploads\/2021\/10\/14-tejas-480x69.png 480w\" sizes=\"(min-width: 0px) and (max-width: 480px) 480px, (min-width: 481px) and (max-width: 980px) 980px, (min-width: 981px) 1024px, 100vw\" \/><\/figure><\/div>\n\n\n<p><\/p>\n<p>[\/et_pb_text][\/et_pb_column][\/et_pb_row][\/et_pb_section][et_pb_section fb_built=&#8221;1&#8243; _builder_version=&#8221;4.11.2&#8243; _module_preset=&#8221;default&#8221;][et_pb_row _builder_version=&#8221;4.11.2&#8243; _module_preset=&#8221;default&#8221;][et_pb_column _builder_version=&#8221;4.11.2&#8243; _module_preset=&#8221;default&#8221; type=&#8221;4_4&#8243;][et_pb_image _builder_version=&#8221;4.11.2&#8243; _module_preset=&#8221;default&#8221; title_text=&#8221;14 tejas&#8221; src=&#8221;https:\/\/industriasmastder.com\/wp-content\/uploads\/2021\/10\/14-tejas.png&#8221; hover_enabled=&#8221;0&#8243; sticky_enabled=&#8221;0&#8243;][\/et_pb_image][\/et_pb_column][\/et_pb_row][\/et_pb_section]<\/p>","protected":false},"excerpt":{"rendered":"<p>El dise\u00f1o de estos rodillos los convierte&nbsp; en la opci\u00f3n&nbsp; ideal para pintar superficies onduladas. El rodillo esf\u00e9rico de l\u00e1tex distribuye la sustancia de recubrimiento en la cara exterior de las tejas de fibrocemento y el rodillo esf\u00e9rico de felpa pinta, con movimientos ondulatorios y a lo largo de la superficie acanalada de las tejas.<\/p>\n","protected":false},"author":3,"featured_media":0,"parent":12,"menu_order":0,"comment_status":"closed","ping_status":"closed","template":"","meta":{"_et_pb_use_builder":"on","_et_pb_old_content":"<!-- wp:paragraph -->\r\n<p>El dise\u00f1o de estos rodillos los convierte\u00a0 en la opci\u00f3n\u00a0 ideal para pintar superficies onduladas. El rodillo esf\u00e9rico de l\u00e1tex distribuye la sustancia de recubrimiento en la cara exterior de las tejas de fibrocemento y el rodillo esf\u00e9rico de felpa pinta, con movimientos ondulatorios y a lo largo de la superficie acanalada de las tejas.\u00a0<\/p>\r\n<!-- \/wp:paragraph -->\r\n\r\n<!-- wp:woocommerce\/handpicked-products {\"editMode\":false,\"products\":[3987,3986,3988]} \/-->\r\n\r\n<!-- wp:paragraph -->\r\n<p>1; Impregne el rodillo de pintura ,\u00a0sumergi\u00e9ndolo, hasta el nivel del alambre\u00a0 y girelo dentro del cu\u00f1ete.<\/p>\r\n<!-- \/wp:paragraph -->\r\n\r\n<!-- wp:paragraph -->\r\n<p>2; Este rodillo est\u00e1 dise\u00f1ado para pintar la cara de\u00a0 la teja que v\u00e9 hacia el exterior. Si usted decide pintar el interior, tendr\u00e1 niveles de goteo variables de\u00a0 pintura en el piso que deber\u00e1 considerar.<\/p>\r\n<!-- \/wp:paragraph -->\r\n\r\n<!-- wp:paragraph -->\r\n<p>3; Deslice el rodillo por la teja siguiendo la direcci\u00f3n del canal, haciendo movimientos oscilatorios para que se pinten los extremos convexos. No siempre se obtiene el cubrimiento completo en una sola pasada.<\/p>\r\n<!-- \/wp:paragraph -->\r\n\r\n<!-- wp:paragraph -->\r\n<p>4; En algunas zonas (bordes de paredes, uniones, sitios de ventilaci\u00f3n, etc.) podr\u00eda necesitar la ayuda\u00a0 de una brocha Mastder de 2 \u201c.<\/p>\r\n<!-- \/wp:paragraph -->\r\n\r\n<!-- wp:table -->\r\n<figure class=\"wp-block-table\"><table><tbody><tr><td>REF:<\/td><td>DESCRIPCION<\/td><td>MEDIDA<\/td><td>DIAMETRO ESFERA<\/td><td>ALTURA DE LA FELPA\/ ESPUMA<\/td><td>UNIDAD DE EMPAQUE<\/td><\/tr><tr><td>CENT.<\/td><td>PULG.<\/td><\/tr><tr><td>706<\/td><td>Rodillo esf\u00e9rico de felpa para\u00a0 tejas<\/td><td>19,2 cms<\/td><td>7,5\u201d<\/td><td>6\u201d<\/td><td>10 mm<\/td><td>docena<\/td><\/tr><tr><td>707<\/td><td>Rodillo esf\u00e9rico de l\u00e1tex para\u00a0 tejas<\/td><td>19,2 cms<\/td><td>7,5\u201d<\/td><td>6\u201d<\/td><td>10 mm<\/td><td>docena<\/td><\/tr><tr><td>607<\/td><td>Rodillo Pintuzinc l\u00e1tex - ovejero<\/td><td>.<\/td><td>.<\/td><td><br><\/td><td>18-19 mm<\/td><td>docena<\/td><\/tr><\/tbody><\/table><\/figure>\r\n<!-- \/wp:table -->\r\n\r\n<!-- wp:paragraph -->\r\n<p>Advertencia:<\/p>\r\n<!-- \/wp:paragraph -->\r\n\r\n<!-- wp:paragraph -->\r\n<p><em>El rodillo est\u00e1 dise\u00f1ado teniendo en cuenta las curvaturas est\u00e1ndar de las tejas, que pueden variar dependiendo del fabricante de la\u00a0 misma, afectando el desempe\u00f1o del rodillo.\u00a0<\/em><\/p>\r\n<!-- \/wp:paragraph -->","_et_gb_content_width":"","_monsterinsights_skip_tracking":false,"_monsterinsights_sitenote_active":false,"_monsterinsights_sitenote_note":"","_monsterinsights_sitenote_category":0},"aioseo_notices":[],"_links":{"self":[{"href":"https:\/\/industriasmastder.com\/index.php?rest_route=\/wp\/v2\/pages\/4276"}],"collection":[{"href":"https:\/\/industriasmastder.com\/index.php?rest_route=\/wp\/v2\/pages"}],"about":[{"href":"https:\/\/industriasmastder.com\/index.php?rest_route=\/wp\/v2\/types\/page"}],"author":[{"embeddable":true,"href":"https:\/\/industriasmastder.com\/index.php?rest_route=\/wp\/v2\/users\/3"}],"replies":[{"embeddable":true,"href":"https:\/\/industriasmastder.com\/index.php?rest_route=%2Fwp%2Fv2%2Fcomments&post=4276"}],"version-history":[{"count":7,"href":"https:\/\/industriasmastder.com\/index.php?rest_route=\/wp\/v2\/pages\/4276\/revisions"}],"predecessor-version":[{"id":7270,"href":"https:\/\/industriasmastder.com\/index.php?rest_route=\/wp\/v2\/pages\/4276\/revisions\/7270"}],"up":[{"embeddable":true,"href":"https:\/\/industriasmastder.com\/index.php?rest_route=\/wp\/v2\/pages\/12"}],"wp:attachment":[{"href":"https:\/\/industriasmastder.com\/index.php?rest_route=%2Fwp%2Fv2%2Fmedia&parent=4276"}],"curies":[{"name":"wp","href":"https:\/\/api.w.org\/{rel}","templated":true}]}}