{"id":4302,"date":"2021-07-20T21:22:07","date_gmt":"2021-07-21T02:22:07","guid":{"rendered":"https:\/\/industriasmastder.com\/?page_id=4302"},"modified":"2021-12-07T20:00:41","modified_gmt":"2021-12-08T01:00:41","slug":"tampografia","status":"publish","type":"page","link":"https:\/\/industriasmastder.com\/?page_id=4302","title":{"rendered":"Tampograf\u00eda"},"content":{"rendered":"\n<p>Servicio de&nbsp; marcaci\u00f3n ef\u00edmera, denominado Tampograf\u00eda, &nbsp; la cual se&nbsp; adapta perfectamente a las&nbsp; formas de los productos, llevando el mensaje publicitario&nbsp; a los clientes finales. Las esp\u00e1tulas pl\u00e1sticas, rodillos y accesorios pueden ser utilizados como elementos de mercadeo de nuestros distribuidores, empresas fabricantes de pinturas y almacenes que quieran tener&nbsp; su marca en productos de alta calidad.<\/p>\n\n\n\n<div class=\"wp-block-image\"><figure class=\"aligncenter size-large\"><img decoding=\"async\" loading=\"lazy\" width=\"1024\" height=\"881\" src=\"https:\/\/industriasmastder.com\/wp-content\/uploads\/2021\/12\/101-tampografia-1024x881.png\" alt=\"\" class=\"wp-image-7285\" srcset=\"https:\/\/industriasmastder.com\/wp-content\/uploads\/2021\/12\/101-tampografia-1024x881.png 1024w, https:\/\/industriasmastder.com\/wp-content\/uploads\/2021\/12\/101-tampografia-600x516.png 600w, https:\/\/industriasmastder.com\/wp-content\/uploads\/2021\/12\/101-tampografia-64x55.png 64w, https:\/\/industriasmastder.com\/wp-content\/uploads\/2021\/12\/101-tampografia-300x258.png 300w, https:\/\/industriasmastder.com\/wp-content\/uploads\/2021\/12\/101-tampografia-768x660.png 768w, https:\/\/industriasmastder.com\/wp-content\/uploads\/2021\/12\/101-tampografia.png 1200w\" sizes=\"(max-width: 1024px) 100vw, 1024px\" \/><\/figure><\/div>\n","protected":false},"excerpt":{"rendered":"<p>Servicio de&nbsp; marcaci\u00f3n ef\u00edmera, denominado Tampograf\u00eda, &nbsp; la cual se&nbsp; adapta perfectamente a las&nbsp; formas de los productos, llevando el mensaje publicitario&nbsp; a los clientes finales. Las esp\u00e1tulas pl\u00e1sticas, rodillos y accesorios pueden ser utilizados como elementos de mercadeo de nuestros distribuidores, empresas fabricantes de pinturas y almacenes que quieran tener&nbsp; su marca en productos [&hellip;]<\/p>\n","protected":false},"author":3,"featured_media":0,"parent":12,"menu_order":0,"comment_status":"closed","ping_status":"closed","template":"","meta":{"_et_pb_use_builder":"","_et_pb_old_content":"","_et_gb_content_width":"","_monsterinsights_skip_tracking":false,"_monsterinsights_sitenote_active":false,"_monsterinsights_sitenote_note":"","_monsterinsights_sitenote_category":0},"aioseo_notices":[],"_links":{"self":[{"href":"https:\/\/industriasmastder.com\/index.php?rest_route=\/wp\/v2\/pages\/4302"}],"collection":[{"href":"https:\/\/industriasmastder.com\/index.php?rest_route=\/wp\/v2\/pages"}],"about":[{"href":"https:\/\/industriasmastder.com\/index.php?rest_route=\/wp\/v2\/types\/page"}],"author":[{"embeddable":true,"href":"https:\/\/industriasmastder.com\/index.php?rest_route=\/wp\/v2\/users\/3"}],"replies":[{"embeddable":true,"href":"https:\/\/industriasmastder.com\/index.php?rest_route=%2Fwp%2Fv2%2Fcomments&post=4302"}],"version-history":[{"count":5,"href":"https:\/\/industriasmastder.com\/index.php?rest_route=\/wp\/v2\/pages\/4302\/revisions"}],"predecessor-version":[{"id":7286,"href":"https:\/\/industriasmastder.com\/index.php?rest_route=\/wp\/v2\/pages\/4302\/revisions\/7286"}],"up":[{"embeddable":true,"href":"https:\/\/industriasmastder.com\/index.php?rest_route=\/wp\/v2\/pages\/12"}],"wp:attachment":[{"href":"https:\/\/industriasmastder.com\/index.php?rest_route=%2Fwp%2Fv2%2Fmedia&parent=4302"}],"curies":[{"name":"wp","href":"https:\/\/api.w.org\/{rel}","templated":true}]}}