{"id":4329,"date":"2021-07-20T21:27:36","date_gmt":"2021-07-21T02:27:36","guid":{"rendered":"https:\/\/industriasmastder.com\/?page_id=4329"},"modified":"2021-12-07T20:24:57","modified_gmt":"2021-12-08T01:24:57","slug":"brocha-standar","status":"publish","type":"page","link":"https:\/\/industriasmastder.com\/?page_id=4329","title":{"rendered":"Brocha Standar"},"content":{"rendered":"\n<p>La brocha que se adapta a todos los proyectos profesionales, industriales o de bricolaje, debido a su delgada estructura compacta, que la hace muy vers\u00e1til al momento de trabajar con ella.<br>Su exclusivo&nbsp; sistema de monobloque, en el que las cerdas son pegadas directamente al mango con adhesivo ep\u00f3xico, garantiza la \u00f3ptima fijaci\u00f3n de las mismas, dando origen&nbsp; a una brocha \u00fanica durable y resistente a los solventes habituales, con una m\u00ednima p\u00e9rdida de fibras durante su uso.<br>Ideal para&nbsp; pinturas&nbsp; vin\u00edlicas,&nbsp; esmaltes y ep\u00f3xicas, en cualquier tipo de superficie<\/p>\n\n\n<div data-block-name=\"woocommerce\/handpicked-products\" data-content-visibility=\"{&quot;title&quot;:true,&quot;price&quot;:false,&quot;rating&quot;:false,&quot;button&quot;:false}\" data-products=\"[7100,7101,7102,7099,7098,7103]\" data-align-buttons=\"true\" class=\"wc-block-grid wp-block-handpicked-products wc-block-handpicked-products has-3-columns has-multiple-rows has-aligned-buttons\"><ul class=\"wc-block-grid__products\"><li class=\"wc-block-grid__product\">\n\t\t\t\t<a href=\"https:\/\/industriasmastder.com\/?product=brocha-estandar-5\" class=\"wc-block-grid__product-link\">\n\t\t\t\t\t<div class=\"wc-block-grid__product-image\"><img width=\"300\" height=\"300\" src=\"https:\/\/industriasmastder.com\/wp-content\/uploads\/2021\/05\/455BrochaEstandar5-300x300.jpg\" class=\"attachment-woocommerce_thumbnail size-woocommerce_thumbnail\" alt=\"Brocha Est\u00e1nda 5&quot;\" decoding=\"async\" loading=\"lazy\" \/><\/div>\n\t\t\t\t\t<div class=\"wc-block-grid__product-title\">Brocha Est\u00e1nda 5&#8243;<\/div>\n\t\t\t\t<\/a>\n\t\t\t\t\n\t\t\t\t\n\t\t\t\t\n\t\t\t\t\n\t\t\t<\/li><li class=\"wc-block-grid__product\">\n\t\t\t\t<a href=\"https:\/\/industriasmastder.com\/?product=brocha-estandar-4\" class=\"wc-block-grid__product-link\">\n\t\t\t\t\t<div class=\"wc-block-grid__product-image\"><img width=\"300\" height=\"300\" src=\"https:\/\/industriasmastder.com\/wp-content\/uploads\/2021\/05\/454BrochaEstandar4-300x300.jpg\" class=\"attachment-woocommerce_thumbnail size-woocommerce_thumbnail\" alt=\"Brocha Est\u00e1ndar 4&quot;\" decoding=\"async\" loading=\"lazy\" \/><\/div>\n\t\t\t\t\t<div class=\"wc-block-grid__product-title\">Brocha Est\u00e1ndar 4&#8243;<\/div>\n\t\t\t\t<\/a>\n\t\t\t\t\n\t\t\t\t\n\t\t\t\t\n\t\t\t\t\n\t\t\t<\/li><li class=\"wc-block-grid__product\">\n\t\t\t\t<a href=\"https:\/\/industriasmastder.com\/?product=brocha-estandar-3\" class=\"wc-block-grid__product-link\">\n\t\t\t\t\t<div class=\"wc-block-grid__product-image\"><img width=\"300\" height=\"300\" src=\"https:\/\/industriasmastder.com\/wp-content\/uploads\/2021\/05\/453BrochaEstandar3-300x300.jpg\" class=\"attachment-woocommerce_thumbnail size-woocommerce_thumbnail\" alt=\"Brocha Est\u00e1ndar 3&quot;\" decoding=\"async\" loading=\"lazy\" \/><\/div>\n\t\t\t\t\t<div class=\"wc-block-grid__product-title\">Brocha Est\u00e1ndar 3&#8243;<\/div>\n\t\t\t\t<\/a>\n\t\t\t\t\n\t\t\t\t\n\t\t\t\t\n\t\t\t\t\n\t\t\t<\/li><li class=\"wc-block-grid__product\">\n\t\t\t\t<a href=\"https:\/\/industriasmastder.com\/?product=brocha-estandar-2\" class=\"wc-block-grid__product-link\">\n\t\t\t\t\t<div class=\"wc-block-grid__product-image\"><img width=\"300\" height=\"300\" src=\"https:\/\/industriasmastder.com\/wp-content\/uploads\/2021\/05\/451BrochaEstandar2-300x300.jpg\" class=\"attachment-woocommerce_thumbnail size-woocommerce_thumbnail\" alt=\"Brocha Est\u00e1ndar 2&quot;\" decoding=\"async\" loading=\"lazy\" \/><\/div>\n\t\t\t\t\t<div class=\"wc-block-grid__product-title\">Brocha Est\u00e1ndar 2&#8243;<\/div>\n\t\t\t\t<\/a>\n\t\t\t\t\n\t\t\t\t\n\t\t\t\t\n\t\t\t\t\n\t\t\t<\/li><li class=\"wc-block-grid__product\">\n\t\t\t\t<a href=\"https:\/\/industriasmastder.com\/?product=brocha-estandar-1\" class=\"wc-block-grid__product-link\">\n\t\t\t\t\t<div class=\"wc-block-grid__product-image\"><img width=\"300\" height=\"300\" src=\"https:\/\/industriasmastder.com\/wp-content\/uploads\/2021\/05\/449BrochaEstandar1-300x300.jpg\" class=\"attachment-woocommerce_thumbnail size-woocommerce_thumbnail\" alt=\"Brocha Est\u00e1ndar 1&quot;\" decoding=\"async\" loading=\"lazy\" \/><\/div>\n\t\t\t\t\t<div class=\"wc-block-grid__product-title\">Brocha Est\u00e1ndar 1&#8243;<\/div>\n\t\t\t\t<\/a>\n\t\t\t\t\n\t\t\t\t\n\t\t\t\t\n\t\t\t\t\n\t\t\t<\/li><li class=\"wc-block-grid__product\">\n\t\t\t\t<a href=\"https:\/\/industriasmastder.com\/?product=brocha-estandar-1-2\" class=\"wc-block-grid__product-link\">\n\t\t\t\t\t<div class=\"wc-block-grid__product-image\"><img width=\"300\" height=\"300\" src=\"https:\/\/industriasmastder.com\/wp-content\/uploads\/2021\/05\/448BrochaEstandar1-300x300.jpg\" class=\"attachment-woocommerce_thumbnail size-woocommerce_thumbnail\" alt=\"Brocha Est\u00e1ndar 1\/2&quot;\" decoding=\"async\" loading=\"lazy\" \/><\/div>\n\t\t\t\t\t<div class=\"wc-block-grid__product-title\">Brocha Est\u00e1ndar 1\/2&#8243;<\/div>\n\t\t\t\t<\/a>\n\t\t\t\t\n\t\t\t\t\n\t\t\t\t\n\t\t\t\t\n\t\t\t<\/li><\/ul><\/div>\n\n\n<div class=\"wp-block-image\"><figure class=\"aligncenter size-large\"><img decoding=\"async\" loading=\"lazy\" width=\"1024\" height=\"399\" src=\"https:\/\/industriasmastder.com\/wp-content\/uploads\/2021\/12\/brocha-standar-1024x399.png\" alt=\"\" class=\"wp-image-7308\" srcset=\"https:\/\/industriasmastder.com\/wp-content\/uploads\/2021\/12\/brocha-standar-1024x399.png 1024w, https:\/\/industriasmastder.com\/wp-content\/uploads\/2021\/12\/brocha-standar-600x234.png 600w, https:\/\/industriasmastder.com\/wp-content\/uploads\/2021\/12\/brocha-standar-64x25.png 64w, https:\/\/industriasmastder.com\/wp-content\/uploads\/2021\/12\/brocha-standar-300x117.png 300w, https:\/\/industriasmastder.com\/wp-content\/uploads\/2021\/12\/brocha-standar-768x300.png 768w, https:\/\/industriasmastder.com\/wp-content\/uploads\/2021\/12\/brocha-standar.png 1341w\" sizes=\"(max-width: 1024px) 100vw, 1024px\" \/><\/figure><\/div>\n","protected":false},"excerpt":{"rendered":"<p>La brocha que se adapta a todos los proyectos profesionales, industriales o de bricolaje, debido a su delgada estructura compacta, que la hace muy vers\u00e1til al momento de trabajar con ella.Su exclusivo&nbsp; sistema de monobloque, en el que las cerdas son pegadas directamente al mango con adhesivo ep\u00f3xico, garantiza la \u00f3ptima fijaci\u00f3n de las mismas, [&hellip;]<\/p>\n","protected":false},"author":3,"featured_media":0,"parent":4338,"menu_order":0,"comment_status":"closed","ping_status":"closed","template":"","meta":{"_et_pb_use_builder":"","_et_pb_old_content":"","_et_gb_content_width":"","_monsterinsights_skip_tracking":false,"_monsterinsights_sitenote_active":false,"_monsterinsights_sitenote_note":"","_monsterinsights_sitenote_category":0},"aioseo_notices":[],"_links":{"self":[{"href":"https:\/\/industriasmastder.com\/index.php?rest_route=\/wp\/v2\/pages\/4329"}],"collection":[{"href":"https:\/\/industriasmastder.com\/index.php?rest_route=\/wp\/v2\/pages"}],"about":[{"href":"https:\/\/industriasmastder.com\/index.php?rest_route=\/wp\/v2\/types\/page"}],"author":[{"embeddable":true,"href":"https:\/\/industriasmastder.com\/index.php?rest_route=\/wp\/v2\/users\/3"}],"replies":[{"embeddable":true,"href":"https:\/\/industriasmastder.com\/index.php?rest_route=%2Fwp%2Fv2%2Fcomments&post=4329"}],"version-history":[{"count":4,"href":"https:\/\/industriasmastder.com\/index.php?rest_route=\/wp\/v2\/pages\/4329\/revisions"}],"predecessor-version":[{"id":7310,"href":"https:\/\/industriasmastder.com\/index.php?rest_route=\/wp\/v2\/pages\/4329\/revisions\/7310"}],"up":[{"embeddable":true,"href":"https:\/\/industriasmastder.com\/index.php?rest_route=\/wp\/v2\/pages\/4338"}],"wp:attachment":[{"href":"https:\/\/industriasmastder.com\/index.php?rest_route=%2Fwp%2Fv2%2Fmedia&parent=4329"}],"curies":[{"name":"wp","href":"https:\/\/api.w.org\/{rel}","templated":true}]}}