{"id":4332,"date":"2021-07-20T21:27:54","date_gmt":"2021-07-21T02:27:54","guid":{"rendered":"https:\/\/industriasmastder.com\/?page_id=4332"},"modified":"2021-12-07T20:26:25","modified_gmt":"2021-12-08T01:26:25","slug":"brocha-utility","status":"publish","type":"page","link":"https:\/\/industriasmastder.com\/?page_id=4332","title":{"rendered":"Brocha Utility"},"content":{"rendered":"\n<p>La brocha \u00fatil en el bricolaje y el&nbsp; hogar.<br>Una brocha con las caracter\u00edsticas ideales para&nbsp; actividades&nbsp; en el hogar,&nbsp; trabajos ocasionales, aplicaci\u00f3n de pegamentos &nbsp; en donde la calidad&nbsp; y el precio, est\u00e1n en perfecto equilibrio con el uso que se requiere. Cerdas naturales que&nbsp; brindan &nbsp; excelentes acabados con pinturas base agua o solventes comunes.&nbsp;<\/p>\n\n\n<div data-block-name=\"woocommerce\/handpicked-products\" data-edit-mode=\"false\" data-content-visibility=\"{&quot;title&quot;:true,&quot;price&quot;:false,&quot;rating&quot;:false,&quot;button&quot;:false}\" data-products=\"[7105,7107,7106,7108,7109]\" data-align-buttons=\"true\" class=\"wc-block-grid wp-block-handpicked-products wc-block-handpicked-products has-3-columns has-multiple-rows has-aligned-buttons\"><ul class=\"wc-block-grid__products\"><li class=\"wc-block-grid__product\">\n\t\t\t\t<a href=\"https:\/\/industriasmastder.com\/?product=brocha-utility-4\" class=\"wc-block-grid__product-link\">\n\t\t\t\t\t<div class=\"wc-block-grid__product-image\"><img width=\"300\" height=\"300\" src=\"https:\/\/industriasmastder.com\/wp-content\/uploads\/2021\/05\/354BrochaUtility4a-300x300.jpg\" class=\"attachment-woocommerce_thumbnail size-woocommerce_thumbnail\" alt=\"Brocha Utility 4&quot;\" decoding=\"async\" loading=\"lazy\" \/><\/div>\n\t\t\t\t\t<div class=\"wc-block-grid__product-title\">Brocha Utility 4&#8243;<\/div>\n\t\t\t\t<\/a>\n\t\t\t\t\n\t\t\t\t\n\t\t\t\t\n\t\t\t\t\n\t\t\t<\/li><li class=\"wc-block-grid__product\">\n\t\t\t\t<a href=\"https:\/\/industriasmastder.com\/?product=brocha-utility-3\" class=\"wc-block-grid__product-link\">\n\t\t\t\t\t<div class=\"wc-block-grid__product-image\"><img width=\"300\" height=\"300\" src=\"https:\/\/industriasmastder.com\/wp-content\/uploads\/2021\/05\/353BrochaUtility3a-300x300.jpg\" class=\"attachment-woocommerce_thumbnail size-woocommerce_thumbnail\" alt=\"Brocha Utility 3&quot;\" decoding=\"async\" loading=\"lazy\" \/><\/div>\n\t\t\t\t\t<div class=\"wc-block-grid__product-title\">Brocha Utility 3&#8243;<\/div>\n\t\t\t\t<\/a>\n\t\t\t\t\n\t\t\t\t\n\t\t\t\t\n\t\t\t\t\n\t\t\t<\/li><li class=\"wc-block-grid__product\">\n\t\t\t\t<a href=\"https:\/\/industriasmastder.com\/?product=brocha-utility-2-1-2\" class=\"wc-block-grid__product-link\">\n\t\t\t\t\t<div class=\"wc-block-grid__product-image\"><img width=\"300\" height=\"300\" src=\"https:\/\/industriasmastder.com\/wp-content\/uploads\/2021\/05\/352BrochaUtility205a-300x300.jpg\" class=\"attachment-woocommerce_thumbnail size-woocommerce_thumbnail\" alt=\"Brocha Utility 2.1\/2&quot;\" decoding=\"async\" loading=\"lazy\" \/><\/div>\n\t\t\t\t\t<div class=\"wc-block-grid__product-title\">Brocha Utility 2.1\/2&#8243;<\/div>\n\t\t\t\t<\/a>\n\t\t\t\t\n\t\t\t\t\n\t\t\t\t\n\t\t\t\t\n\t\t\t<\/li><li class=\"wc-block-grid__product\">\n\t\t\t\t<a href=\"https:\/\/industriasmastder.com\/?product=brocha-utility-2\" class=\"wc-block-grid__product-link\">\n\t\t\t\t\t<div class=\"wc-block-grid__product-image\"><img width=\"300\" height=\"300\" src=\"https:\/\/industriasmastder.com\/wp-content\/uploads\/2021\/05\/351BrochaUtility2a-300x300.jpg\" class=\"attachment-woocommerce_thumbnail size-woocommerce_thumbnail\" alt=\"Brocha Utility 2&quot;\" decoding=\"async\" loading=\"lazy\" \/><\/div>\n\t\t\t\t\t<div class=\"wc-block-grid__product-title\">Brocha Utility 2&#8243;<\/div>\n\t\t\t\t<\/a>\n\t\t\t\t\n\t\t\t\t\n\t\t\t\t\n\t\t\t\t\n\t\t\t<\/li><li class=\"wc-block-grid__product\">\n\t\t\t\t<a href=\"https:\/\/industriasmastder.com\/?product=brocha-utility-1-1-2\" class=\"wc-block-grid__product-link\">\n\t\t\t\t\t<div class=\"wc-block-grid__product-image\"><img width=\"300\" height=\"300\" src=\"https:\/\/industriasmastder.com\/wp-content\/uploads\/2021\/05\/350BrochaUtility11-300x300.jpg\" class=\"attachment-woocommerce_thumbnail size-woocommerce_thumbnail\" alt=\"Brocha Utility 1.1\/2&quot;\" decoding=\"async\" loading=\"lazy\" \/><\/div>\n\t\t\t\t\t<div class=\"wc-block-grid__product-title\">Brocha Utility 1.1\/2&#8243;<\/div>\n\t\t\t\t<\/a>\n\t\t\t\t\n\t\t\t\t\n\t\t\t\t\n\t\t\t\t\n\t\t\t<\/li><\/ul><\/div>\n\n\n<div class=\"wp-block-image\"><figure class=\"aligncenter size-large\"><img decoding=\"async\" loading=\"lazy\" width=\"1024\" height=\"346\" src=\"https:\/\/industriasmastder.com\/wp-content\/uploads\/2021\/12\/brocha-utility-1024x346.png\" alt=\"\" class=\"wp-image-7306\" srcset=\"https:\/\/industriasmastder.com\/wp-content\/uploads\/2021\/12\/brocha-utility-1024x346.png 1024w, https:\/\/industriasmastder.com\/wp-content\/uploads\/2021\/12\/brocha-utility-600x203.png 600w, https:\/\/industriasmastder.com\/wp-content\/uploads\/2021\/12\/brocha-utility-300x101.png 300w, https:\/\/industriasmastder.com\/wp-content\/uploads\/2021\/12\/brocha-utility-768x260.png 768w, https:\/\/industriasmastder.com\/wp-content\/uploads\/2021\/12\/brocha-utility-64x22.png 64w, https:\/\/industriasmastder.com\/wp-content\/uploads\/2021\/12\/brocha-utility.png 1141w\" sizes=\"(max-width: 1024px) 100vw, 1024px\" \/><\/figure><\/div>\n","protected":false},"excerpt":{"rendered":"<p>La brocha \u00fatil en el bricolaje y el&nbsp; hogar.Una brocha con las caracter\u00edsticas ideales para&nbsp; actividades&nbsp; en el hogar,&nbsp; trabajos ocasionales, aplicaci\u00f3n de pegamentos &nbsp; en donde la calidad&nbsp; y el precio, est\u00e1n en perfecto equilibrio con el uso que se requiere. Cerdas naturales que&nbsp; brindan &nbsp; excelentes acabados con pinturas base agua o solventes [&hellip;]<\/p>\n","protected":false},"author":3,"featured_media":0,"parent":4338,"menu_order":0,"comment_status":"closed","ping_status":"closed","template":"","meta":{"_et_pb_use_builder":"","_et_pb_old_content":"","_et_gb_content_width":"","_monsterinsights_skip_tracking":false,"_monsterinsights_sitenote_active":false,"_monsterinsights_sitenote_note":"","_monsterinsights_sitenote_category":0},"aioseo_notices":[],"_links":{"self":[{"href":"https:\/\/industriasmastder.com\/index.php?rest_route=\/wp\/v2\/pages\/4332"}],"collection":[{"href":"https:\/\/industriasmastder.com\/index.php?rest_route=\/wp\/v2\/pages"}],"about":[{"href":"https:\/\/industriasmastder.com\/index.php?rest_route=\/wp\/v2\/types\/page"}],"author":[{"embeddable":true,"href":"https:\/\/industriasmastder.com\/index.php?rest_route=\/wp\/v2\/users\/3"}],"replies":[{"embeddable":true,"href":"https:\/\/industriasmastder.com\/index.php?rest_route=%2Fwp%2Fv2%2Fcomments&post=4332"}],"version-history":[{"count":5,"href":"https:\/\/industriasmastder.com\/index.php?rest_route=\/wp\/v2\/pages\/4332\/revisions"}],"predecessor-version":[{"id":7312,"href":"https:\/\/industriasmastder.com\/index.php?rest_route=\/wp\/v2\/pages\/4332\/revisions\/7312"}],"up":[{"embeddable":true,"href":"https:\/\/industriasmastder.com\/index.php?rest_route=\/wp\/v2\/pages\/4338"}],"wp:attachment":[{"href":"https:\/\/industriasmastder.com\/index.php?rest_route=%2Fwp%2Fv2%2Fmedia&parent=4332"}],"curies":[{"name":"wp","href":"https:\/\/api.w.org\/{rel}","templated":true}]}}