{"id":4335,"date":"2021-07-20T21:28:15","date_gmt":"2021-07-21T02:28:15","guid":{"rendered":"https:\/\/industriasmastder.com\/?page_id=4335"},"modified":"2021-12-07T20:27:15","modified_gmt":"2021-12-08T01:27:15","slug":"brocha-atlas-pluma-tek","status":"publish","type":"page","link":"https:\/\/industriasmastder.com\/?page_id=4335","title":{"rendered":"Brocha Atlas Pluma tek"},"content":{"rendered":"\n<p>La mejor brocha&nbsp; de filamentos sint\u00e9ticos del mercado. Fabricadas con el sistema Monobloque, les permite ser utilizadas con cualquier tipo de pintura. M\u00ednima p\u00e9rdida de fibras. Filamentos conificados y acanalados que generan una m\u00e1xima retenci\u00f3n de la pintura y que producen un acabado liso, homog\u00e9neo y suave. La mejor brocha para realizar&nbsp; trabajos profesionales, acabados finales y de detalle.&nbsp; &nbsp;<\/p>\n\n\n<div data-block-name=\"woocommerce\/handpicked-products\" data-edit-mode=\"false\" data-content-visibility=\"{&quot;title&quot;:true,&quot;price&quot;:false,&quot;rating&quot;:false,&quot;button&quot;:false}\" data-products=\"[7111,7110,7112,7113]\" class=\"wc-block-grid wp-block-handpicked-products wc-block-handpicked-products has-3-columns has-multiple-rows\"><ul class=\"wc-block-grid__products\"><li class=\"wc-block-grid__product\">\n\t\t\t\t<a href=\"https:\/\/industriasmastder.com\/?product=brocha-atlas-plumatek-4\" class=\"wc-block-grid__product-link\">\n\t\t\t\t\t<div class=\"wc-block-grid__product-image\"><img width=\"300\" height=\"300\" src=\"https:\/\/industriasmastder.com\/wp-content\/uploads\/2021\/05\/477BrochAtlasPlumatek422-300x300.jpg\" class=\"attachment-woocommerce_thumbnail size-woocommerce_thumbnail\" alt=\"Brocha Atlas Plumatek 4&quot;\" decoding=\"async\" loading=\"lazy\" \/><\/div>\n\t\t\t\t\t<div class=\"wc-block-grid__product-title\">Brocha Atlas Plumatek 4&#8243;<\/div>\n\t\t\t\t<\/a>\n\t\t\t\t\n\t\t\t\t\n\t\t\t\t\n\t\t\t\t\n\t\t\t<\/li><li class=\"wc-block-grid__product\">\n\t\t\t\t<a href=\"https:\/\/industriasmastder.com\/?product=brocha-atlas-plumatek-2\" class=\"wc-block-grid__product-link\">\n\t\t\t\t\t<div class=\"wc-block-grid__product-image\"><img width=\"300\" height=\"300\" src=\"https:\/\/industriasmastder.com\/wp-content\/uploads\/2021\/05\/475-Brocha-Atlas-Pluma-tek-2-300x300.jpg\" class=\"attachment-woocommerce_thumbnail size-woocommerce_thumbnail\" alt=\"Brocha Atlas Plumatek 2&quot;\" decoding=\"async\" loading=\"lazy\" \/><\/div>\n\t\t\t\t\t<div class=\"wc-block-grid__product-title\">Brocha Atlas Plumatek 2&#8243;<\/div>\n\t\t\t\t<\/a>\n\t\t\t\t\n\t\t\t\t\n\t\t\t\t\n\t\t\t\t\n\t\t\t<\/li><li class=\"wc-block-grid__product\">\n\t\t\t\t<a href=\"https:\/\/industriasmastder.com\/?product=brocha-atlas-plumatek-1-1-2\" class=\"wc-block-grid__product-link\">\n\t\t\t\t\t<div class=\"wc-block-grid__product-image\"><img width=\"300\" height=\"300\" src=\"https:\/\/industriasmastder.com\/wp-content\/uploads\/2021\/05\/474BrochaAtlasPlumatek1522-300x300.jpg\" class=\"attachment-woocommerce_thumbnail size-woocommerce_thumbnail\" alt=\"Brocha Atlas Plumatek 1.1\/2&quot;\" decoding=\"async\" loading=\"lazy\" \/><\/div>\n\t\t\t\t\t<div class=\"wc-block-grid__product-title\">Brocha Atlas Plumatek 1.1\/2&#8243;<\/div>\n\t\t\t\t<\/a>\n\t\t\t\t\n\t\t\t\t\n\t\t\t\t\n\t\t\t\t\n\t\t\t<\/li><li class=\"wc-block-grid__product\">\n\t\t\t\t<a href=\"https:\/\/industriasmastder.com\/?product=brocha-atlas-plumatek-1\" class=\"wc-block-grid__product-link\">\n\t\t\t\t\t<div class=\"wc-block-grid__product-image\"><img width=\"300\" height=\"300\" src=\"https:\/\/industriasmastder.com\/wp-content\/uploads\/2021\/05\/473BrochaAtlasPlumatek122-300x300.jpg\" class=\"attachment-woocommerce_thumbnail size-woocommerce_thumbnail\" alt=\"Brocha Atlas Plumatek 1&quot;\" decoding=\"async\" loading=\"lazy\" \/><\/div>\n\t\t\t\t\t<div class=\"wc-block-grid__product-title\">Brocha Atlas Plumatek 1&#8243;<\/div>\n\t\t\t\t<\/a>\n\t\t\t\t\n\t\t\t\t\n\t\t\t\t\n\t\t\t\t\n\t\t\t<\/li><\/ul><\/div>\n\n\n<div class=\"wp-block-image\"><figure class=\"aligncenter size-large\"><img decoding=\"async\" loading=\"lazy\" width=\"1024\" height=\"305\" src=\"https:\/\/industriasmastder.com\/wp-content\/uploads\/2021\/12\/brocha-atlas-1024x305.png\" alt=\"\" class=\"wp-image-7307\" srcset=\"https:\/\/industriasmastder.com\/wp-content\/uploads\/2021\/12\/brocha-atlas-1024x305.png 1024w, https:\/\/industriasmastder.com\/wp-content\/uploads\/2021\/12\/brocha-atlas-600x179.png 600w, https:\/\/industriasmastder.com\/wp-content\/uploads\/2021\/12\/brocha-atlas-64x19.png 64w, https:\/\/industriasmastder.com\/wp-content\/uploads\/2021\/12\/brocha-atlas-300x89.png 300w, https:\/\/industriasmastder.com\/wp-content\/uploads\/2021\/12\/brocha-atlas-768x229.png 768w, https:\/\/industriasmastder.com\/wp-content\/uploads\/2021\/12\/brocha-atlas.png 1123w\" sizes=\"(max-width: 1024px) 100vw, 1024px\" \/><\/figure><\/div>\n","protected":false},"excerpt":{"rendered":"<p>La mejor brocha&nbsp; de filamentos sint\u00e9ticos del mercado. Fabricadas con el sistema Monobloque, les permite ser utilizadas con cualquier tipo de pintura. M\u00ednima p\u00e9rdida de fibras. Filamentos conificados y acanalados que generan una m\u00e1xima retenci\u00f3n de la pintura y que producen un acabado liso, homog\u00e9neo y suave. La mejor brocha para realizar&nbsp; trabajos profesionales, acabados [&hellip;]<\/p>\n","protected":false},"author":3,"featured_media":0,"parent":4338,"menu_order":0,"comment_status":"closed","ping_status":"closed","template":"","meta":{"_et_pb_use_builder":"","_et_pb_old_content":"","_et_gb_content_width":"","_monsterinsights_skip_tracking":false,"_monsterinsights_sitenote_active":false,"_monsterinsights_sitenote_note":"","_monsterinsights_sitenote_category":0},"aioseo_notices":[],"_links":{"self":[{"href":"https:\/\/industriasmastder.com\/index.php?rest_route=\/wp\/v2\/pages\/4335"}],"collection":[{"href":"https:\/\/industriasmastder.com\/index.php?rest_route=\/wp\/v2\/pages"}],"about":[{"href":"https:\/\/industriasmastder.com\/index.php?rest_route=\/wp\/v2\/types\/page"}],"author":[{"embeddable":true,"href":"https:\/\/industriasmastder.com\/index.php?rest_route=\/wp\/v2\/users\/3"}],"replies":[{"embeddable":true,"href":"https:\/\/industriasmastder.com\/index.php?rest_route=%2Fwp%2Fv2%2Fcomments&post=4335"}],"version-history":[{"count":4,"href":"https:\/\/industriasmastder.com\/index.php?rest_route=\/wp\/v2\/pages\/4335\/revisions"}],"predecessor-version":[{"id":7313,"href":"https:\/\/industriasmastder.com\/index.php?rest_route=\/wp\/v2\/pages\/4335\/revisions\/7313"}],"up":[{"embeddable":true,"href":"https:\/\/industriasmastder.com\/index.php?rest_route=\/wp\/v2\/pages\/4338"}],"wp:attachment":[{"href":"https:\/\/industriasmastder.com\/index.php?rest_route=%2Fwp%2Fv2%2Fmedia&parent=4335"}],"curies":[{"name":"wp","href":"https:\/\/api.w.org\/{rel}","templated":true}]}}