{"id":4437,"date":"2021-07-21T20:26:40","date_gmt":"2021-07-22T01:26:40","guid":{"rendered":"https:\/\/industriasmastder.com\/?page_id=4437"},"modified":"2021-12-07T19:27:20","modified_gmt":"2021-12-08T00:27:20","slug":"rodillos-para-pintura-epoxica-linea-profesional","status":"publish","type":"page","link":"https:\/\/industriasmastder.com\/?page_id=4437","title":{"rendered":"Rodillos para pintura Ep\u00f3xica L\u00ednea Profesional"},"content":{"rendered":"<p>[et_pb_section fb_built=&#8221;1&#8243; _builder_version=&#8221;4.11.2&#8243; _module_preset=&#8221;default&#8221; global_colors_info=&#8221;{}&#8221;][et_pb_row _builder_version=&#8221;4.11.2&#8243; _module_preset=&#8221;default&#8221; global_colors_info=&#8221;{}&#8221;][et_pb_column type=&#8221;4_4&#8243; _builder_version=&#8221;4.11.2&#8243; _module_preset=&#8221;default&#8221; global_colors_info=&#8221;{}&#8221;][et_pb_text _builder_version=&#8221;4.11.2&#8243; _module_preset=&#8221;default&#8221; global_colors_info=&#8221;{}&#8221;]<\/p>\n<p><strong>L\u00cdNEA PROFESIONAL<\/strong><\/p>\n<p>FELPA ACR\u00cdLICA Y POLI\u00c9STER<\/p>\n<p>Rodillo fabricado con felpa Industrial con fibras acr\u00edlicas de alta calidad de 10 mm de altura, especialmente dise\u00f1ado para la aplicaci\u00f3n de pinturas ep\u00f3xicas y de recubrimiento industrial, que permite acabados finos y bajo nivel de salpique, con m\u00ednima cantidad de fibras sueltas.<\/p>\n<p><\/p>\n\n<div data-block-name=\"woocommerce\/handpicked-products\" data-edit-mode=\"false\" data-content-visibility=\"{&quot;title&quot;:true,&quot;price&quot;:false,&quot;rating&quot;:false,&quot;button&quot;:false}\" data-products=\"[6958,6957,6956,6955,6954,6953,6966]\" data-align-buttons=\"true\" class=\"wc-block-grid wp-block-handpicked-products wc-block-handpicked-products has-3-columns has-multiple-rows has-aligned-buttons\"><ul class=\"wc-block-grid__products\"><li class=\"wc-block-grid__product\">\n\t\t\t\t<a href=\"https:\/\/industriasmastder.com\/?product=rodillo-aplicacion-cubiertas-marinas-ind-marino\" class=\"wc-block-grid__product-link\">\n\t\t\t\t\t<div class=\"wc-block-grid__product-image\"><img width=\"300\" height=\"300\" src=\"https:\/\/industriasmastder.com\/wp-content\/uploads\/2021\/03\/569-Rodillo-Aplicacion-Cubiertas-Marinas-300x300.jpg\" class=\"attachment-woocommerce_thumbnail size-woocommerce_thumbnail\" alt=\"Rodillo Aplicaci\u00f3n Cubiertas Marinas Ind. &quot; Marino&quot;\" decoding=\"async\" loading=\"lazy\" \/><\/div>\n\t\t\t\t\t<div class=\"wc-block-grid__product-title\">Rodillo Aplicaci\u00f3n Cubiertas Marinas Ind. &#8221; Marino&#8221;<\/div>\n\t\t\t\t<\/a>\n\t\t\t\t\n\t\t\t\t\n\t\t\t\t\n\t\t\t\t\n\t\t\t<\/li><li class=\"wc-block-grid__product\">\n\t\t\t\t<a href=\"https:\/\/industriasmastder.com\/?product=rodillo-pintura-epoxica-9\" class=\"wc-block-grid__product-link\">\n\t\t\t\t\t<div class=\"wc-block-grid__product-image\"><img width=\"300\" height=\"300\" src=\"https:\/\/industriasmastder.com\/wp-content\/uploads\/2021\/03\/969-Rodillo-Pintura-Epoxica-9-300x300.jpg\" class=\"attachment-woocommerce_thumbnail size-woocommerce_thumbnail\" alt=\"Rodillo pintura Ep\u00f3xica 9&quot;\" decoding=\"async\" loading=\"lazy\" \/><\/div>\n\t\t\t\t\t<div class=\"wc-block-grid__product-title\">Rodillo pintura Ep\u00f3xica 9&#8243;<\/div>\n\t\t\t\t<\/a>\n\t\t\t\t\n\t\t\t\t\n\t\t\t\t\n\t\t\t\t\n\t\t\t<\/li><li class=\"wc-block-grid__product\">\n\t\t\t\t<a href=\"https:\/\/industriasmastder.com\/?product=rodillo-para-pintura-epoxica-7\" class=\"wc-block-grid__product-link\">\n\t\t\t\t\t<div class=\"wc-block-grid__product-image\"><img width=\"300\" height=\"300\" src=\"https:\/\/industriasmastder.com\/wp-content\/uploads\/2021\/03\/769-Rodillo-para-Pintura-Epoxica-7-300x300.jpg\" class=\"attachment-woocommerce_thumbnail size-woocommerce_thumbnail\" alt=\"Rodillo para Pintura Ep\u00f3xica 7&quot;\" decoding=\"async\" loading=\"lazy\" \/><\/div>\n\t\t\t\t\t<div class=\"wc-block-grid__product-title\">Rodillo para Pintura Ep\u00f3xica 7&#8243;<\/div>\n\t\t\t\t<\/a>\n\t\t\t\t\n\t\t\t\t\n\t\t\t\t\n\t\t\t\t\n\t\t\t<\/li><li class=\"wc-block-grid__product\">\n\t\t\t\t<a href=\"https:\/\/industriasmastder.com\/?product=rodillo-epoxi-6\" class=\"wc-block-grid__product-link\">\n\t\t\t\t\t<div class=\"wc-block-grid__product-image\"><img width=\"300\" height=\"300\" src=\"https:\/\/industriasmastder.com\/wp-content\/uploads\/2021\/03\/603-Rodillo-Epoxi-6-300x300.jpg\" class=\"attachment-woocommerce_thumbnail size-woocommerce_thumbnail\" alt=\"Rodillo Epoxi 6&quot;\" decoding=\"async\" loading=\"lazy\" \/><\/div>\n\t\t\t\t\t<div class=\"wc-block-grid__product-title\">Rodillo Epoxi 6&#8243;<\/div>\n\t\t\t\t<\/a>\n\t\t\t\t\n\t\t\t\t\n\t\t\t\t\n\t\t\t\t\n\t\t\t<\/li><li class=\"wc-block-grid__product\">\n\t\t\t\t<a href=\"https:\/\/industriasmastder.com\/?product=rodillo-para-pintura-epoxica-4\" class=\"wc-block-grid__product-link\">\n\t\t\t\t\t<div class=\"wc-block-grid__product-image\"><img width=\"300\" height=\"300\" src=\"https:\/\/industriasmastder.com\/wp-content\/uploads\/2021\/03\/469-Rodillo-para-Pintura-Epoxica-4-300x300.jpg\" class=\"attachment-woocommerce_thumbnail size-woocommerce_thumbnail\" alt=\"Rodillo para Pintura Ep\u00f3xica 4&quot;\" decoding=\"async\" loading=\"lazy\" \/><\/div>\n\t\t\t\t\t<div class=\"wc-block-grid__product-title\">Rodillo para Pintura Ep\u00f3xica 4&#8243;<\/div>\n\t\t\t\t<\/a>\n\t\t\t\t\n\t\t\t\t\n\t\t\t\t\n\t\t\t\t\n\t\t\t<\/li><li class=\"wc-block-grid__product\">\n\t\t\t\t<a href=\"https:\/\/industriasmastder.com\/?product=rodillo-para-pintura-epoxica-3\" class=\"wc-block-grid__product-link\">\n\t\t\t\t\t<div class=\"wc-block-grid__product-image\"><img width=\"300\" height=\"300\" src=\"https:\/\/industriasmastder.com\/wp-content\/uploads\/2021\/03\/359-Rodillo-Lana-Natural-para-Pintura-Epoxica-3-cmyk-300x300.jpg\" class=\"attachment-woocommerce_thumbnail size-woocommerce_thumbnail\" alt=\"Rodillo para Pintura Ep\u00f3xica 3&quot;\" decoding=\"async\" loading=\"lazy\" \/><\/div>\n\t\t\t\t\t<div class=\"wc-block-grid__product-title\">Rodillo para Pintura Ep\u00f3xica 3&#8243;<\/div>\n\t\t\t\t<\/a>\n\t\t\t\t\n\t\t\t\t\n\t\t\t\t\n\t\t\t\t\n\t\t\t<\/li><li class=\"wc-block-grid__product\">\n\t\t\t\t<a href=\"https:\/\/industriasmastder.com\/?product=rodillo-para-pintura-epoxica-2\" class=\"wc-block-grid__product-link\">\n\t\t\t\t\t<div class=\"wc-block-grid__product-image\"><img width=\"300\" height=\"300\" src=\"https:\/\/industriasmastder.com\/wp-content\/uploads\/2021\/03\/269Rodillo-para-Pintura-Epoxica-2-cmyk-300x300.jpg\" class=\"attachment-woocommerce_thumbnail size-woocommerce_thumbnail\" alt=\"Rodillo para Pintura Ep\u00f3xica 2&quot;\" decoding=\"async\" loading=\"lazy\" \/><\/div>\n\t\t\t\t\t<div class=\"wc-block-grid__product-title\">Rodillo para Pintura Ep\u00f3xica 2&#8243;<\/div>\n\t\t\t\t<\/a>\n\t\t\t\t\n\t\t\t\t\n\t\t\t\t\n\t\t\t\t\n\t\t\t<\/li><\/ul><\/div>\n\n\n<div class=\"wp-block-image\"><figure class=\"aligncenter size-large\"><img decoding=\"async\" loading=\"lazy\" width=\"1024\" height=\"195\" src=\"https:\/\/industriasmastder.com\/wp-content\/uploads\/2021\/10\/7-Epoxico-Lana-1024x195.png\" alt=\"\" class=\"wp-image-6386\" srcset=\"https:\/\/industriasmastder.com\/wp-content\/uploads\/2021\/10\/7-Epoxico-Lana-980x187.png 980w, https:\/\/industriasmastder.com\/wp-content\/uploads\/2021\/10\/7-Epoxico-Lana-480x92.png 480w\" sizes=\"(min-width: 0px) and (max-width: 480px) 480px, (min-width: 481px) and (max-width: 980px) 980px, (min-width: 981px) 1024px, 100vw\" \/><\/figure><\/div>\n\n\n<p><\/p>\n<p>[\/et_pb_text][\/et_pb_column][\/et_pb_row][\/et_pb_section][et_pb_section fb_built=&#8221;1&#8243; _builder_version=&#8221;4.11.2&#8243; _module_preset=&#8221;default&#8221; global_colors_info=&#8221;{}&#8221;][et_pb_row _builder_version=&#8221;4.11.2&#8243; _module_preset=&#8221;default&#8221; global_colors_info=&#8221;{}&#8221;][et_pb_column type=&#8221;4_4&#8243; _builder_version=&#8221;4.11.2&#8243; _module_preset=&#8221;default&#8221; global_colors_info=&#8221;{}&#8221;][et_pb_image src=&#8221;https:\/\/industriasmastder.com\/wp-content\/uploads\/2021\/10\/8-expoco-profesional.png&#8221; title_text=&#8221;8 expoco profesional&#8221; _builder_version=&#8221;4.11.2&#8243; _module_preset=&#8221;default&#8221; global_colors_info=&#8221;{}&#8221;][\/et_pb_image][\/et_pb_column][\/et_pb_row][\/et_pb_section]<\/p>","protected":false},"excerpt":{"rendered":"<p>L\u00cdNEA PROFESIONAL FELPA ACR\u00cdLICA Y POLI\u00c9STER Rodillo fabricado con felpa Industrial con fibras acr\u00edlicas de alta calidad de 10 mm de altura, especialmente dise\u00f1ado para la aplicaci\u00f3n de pinturas ep\u00f3xicas y de recubrimiento industrial, que permite acabados finos y bajo nivel de salpique, con m\u00ednima cantidad de fibras sueltas.<\/p>\n","protected":false},"author":3,"featured_media":0,"parent":0,"menu_order":0,"comment_status":"closed","ping_status":"closed","template":"","meta":{"_et_pb_use_builder":"on","_et_pb_old_content":"","_et_gb_content_width":"","_monsterinsights_skip_tracking":false,"_monsterinsights_sitenote_active":false,"_monsterinsights_sitenote_note":"","_monsterinsights_sitenote_category":0},"aioseo_notices":[],"_links":{"self":[{"href":"https:\/\/industriasmastder.com\/index.php?rest_route=\/wp\/v2\/pages\/4437"}],"collection":[{"href":"https:\/\/industriasmastder.com\/index.php?rest_route=\/wp\/v2\/pages"}],"about":[{"href":"https:\/\/industriasmastder.com\/index.php?rest_route=\/wp\/v2\/types\/page"}],"author":[{"embeddable":true,"href":"https:\/\/industriasmastder.com\/index.php?rest_route=\/wp\/v2\/users\/3"}],"replies":[{"embeddable":true,"href":"https:\/\/industriasmastder.com\/index.php?rest_route=%2Fwp%2Fv2%2Fcomments&post=4437"}],"version-history":[{"count":10,"href":"https:\/\/industriasmastder.com\/index.php?rest_route=\/wp\/v2\/pages\/4437\/revisions"}],"predecessor-version":[{"id":7265,"href":"https:\/\/industriasmastder.com\/index.php?rest_route=\/wp\/v2\/pages\/4437\/revisions\/7265"}],"wp:attachment":[{"href":"https:\/\/industriasmastder.com\/index.php?rest_route=%2Fwp%2Fv2%2Fmedia&parent=4437"}],"curies":[{"name":"wp","href":"https:\/\/api.w.org\/{rel}","templated":true}]}}