{"id":4578,"date":"2021-08-07T07:31:10","date_gmt":"2021-08-07T12:31:10","guid":{"rendered":"https:\/\/industriasmastder.com\/?page_id=4578"},"modified":"2021-12-03T17:36:11","modified_gmt":"2021-12-03T22:36:11","slug":"mision-vision","status":"publish","type":"page","link":"https:\/\/industriasmastder.com\/?page_id=4578","title":{"rendered":"Misi\u00f3n \/\/ Visi\u00f3n"},"content":{"rendered":"<p>[et_pb_section fb_built=&#8221;1&#8243; fullwidth=&#8221;on&#8221; _builder_version=&#8221;4.10.5&#8243; _module_preset=&#8221;default&#8221; global_colors_info=&#8221;{}&#8221;][et_pb_fullwidth_slider show_arrows=&#8221;off&#8221; show_pagination=&#8221;off&#8221; use_bg_overlay=&#8221;off&#8221; use_text_overlay=&#8221;off&#8221; _builder_version=&#8221;4.10.7&#8243; _module_preset=&#8221;default&#8221; header_font=&#8221;|600|||||||&#8221; body_font_size=&#8221;16px&#8221; min_height=&#8221;545.6px&#8221; custom_padding=&#8221;223px|||||&#8221; header_text_shadow_style=&#8221;preset1&#8243; body_text_shadow_style=&#8221;preset4&#8243; global_colors_info=&#8221;{}&#8221;][et_pb_slide heading=&#8221;\u00a1 Por que Mastder es Mastder !&#8221; _builder_version=&#8221;4.10.7&#8243; _module_preset=&#8221;default&#8221; background_image=&#8221;https:\/\/industriasmastder.com\/wp-content\/uploads\/2021\/09\/DSC2842a-web.png&#8221; background_enable_image=&#8221;on&#8221; global_colors_info=&#8221;{}&#8221; sticky_transition=&#8221;on&#8221;]<\/p>\n<p>En Rodillos Mastder S.A.S siguiendo nuestra tradici\u00f3n, fabricamos productos de alta calidad, fusionando la nueva tecnolog\u00eda con el compromiso y el amor del artesano, que da origen a herramientas confiables con el equilibrio justo entre calidad, utilidad y precio.<\/p>\n<p>[\/et_pb_slide][\/et_pb_fullwidth_slider][\/et_pb_section][et_pb_section fb_built=&#8221;1&#8243; _builder_version=&#8221;4.9.11&#8243; _module_preset=&#8221;default&#8221; global_colors_info=&#8221;{}&#8221;][et_pb_row _builder_version=&#8221;4.9.11&#8243; _module_preset=&#8221;default&#8221; global_colors_info=&#8221;{}&#8221;][et_pb_column type=&#8221;4_4&#8243; _builder_version=&#8221;4.9.11&#8243; _module_preset=&#8221;default&#8221; global_colors_info=&#8221;{}&#8221;][et_pb_text _builder_version=&#8221;4.14.2&#8243; _module_preset=&#8221;default&#8221; global_colors_info=&#8221;{}&#8221;]<\/p>\n<p style=\"text-align: justify;\">La empresa fu\u00e9 constituida el 17 de septiembre de 1979 como respuesta a una necesidad del gremio de la construcci\u00f3n y de la decoraci\u00f3n en torno a nuevas herramientas que facilitaran su actividad. Es as\u00ed como a partir de esta fecha, se desarroll\u00f3 en Colombia un nuevo segmento de la industria de las herramientas para pintar. Rodillos Mastder fu\u00e9 la primera empresa colombiana en elaborar y distribuir\u00a0rodillos y a su vez pionera en la ense\u00f1anza sobre la utilizaci\u00f3n y ventajas de esta herramienta en nuestro pa\u00eds. La experiencia del fundador de Rodillos Mastder en el ramo de la pintura,\u00a0adquirida durante su trabajo en una multinacional en la d\u00e9cada de los 60, le permiti\u00f3 posicionarse como \u00fanico productor colombiano en el mercado de los accesorios para pintar a nivel nacional. Actualmente Rodillos Mastder ostenta su liderazgo en el mercado colombiano, gracias al compromiso de sus funcionarios, al servicio al cliente y a la calidad de sus productos, lo que le ha permitido incursionar en otros pa\u00edses\u00a0latinoamericanos con el mismo \u00e9xito.<\/p>\n<p>&nbsp;<\/p>\n<p>[\/et_pb_text][\/et_pb_column][\/et_pb_row][\/et_pb_section][et_pb_section fb_built=&#8221;1&#8243; _builder_version=&#8221;4.14.2&#8243; _module_preset=&#8221;default&#8221; global_colors_info=&#8221;{}&#8221;][et_pb_row _builder_version=&#8221;4.14.2&#8243; _module_preset=&#8221;default&#8221; global_colors_info=&#8221;{}&#8221;][et_pb_column type=&#8221;4_4&#8243; _builder_version=&#8221;4.14.2&#8243; _module_preset=&#8221;default&#8221; global_colors_info=&#8221;{}&#8221;][et_pb_button button_url=&#8221;@ET-DC@eyJkeW5hbWljIjp0cnVlLCJjb250ZW50IjoicG9zdF9saW5rX3VybF9hdHRhY2htZW50Iiwic2V0dGluZ3MiOnsicG9zdF9pZCI6IjY2MzgifX0=@&#8221; button_text=&#8221;Descargue Ac\u00e1&#8221; button_alignment=&#8221;center&#8221; _builder_version=&#8221;4.14.2&#8243; _dynamic_attributes=&#8221;button_url&#8221; _module_preset=&#8221;default&#8221; custom_button=&#8221;on&#8221; global_colors_info=&#8221;{}&#8221;][\/et_pb_button][\/et_pb_column][\/et_pb_row][\/et_pb_section]<\/p>\n","protected":false},"excerpt":{"rendered":"<p>En Rodillos Mastder S.A.S siguiendo nuestra tradici\u00f3n, fabricamos productos de alta calidad, fusionando la nueva tecnolog\u00eda con el compromiso y el amor del artesano, que da origen a herramientas confiables con el equilibrio justo entre calidad, utilidad y precio.La empresa fu\u00e9 constituida el 17 de septiembre de 1979 como respuesta a una necesidad del gremio [&hellip;]<\/p>\n","protected":false},"author":3,"featured_media":0,"parent":0,"menu_order":0,"comment_status":"closed","ping_status":"closed","template":"","meta":{"_et_pb_use_builder":"on","_et_pb_old_content":"Misi\u00f3n\r\nSatisfacer las necesidades del pintor profesional y del hogar, proporcion\u00e1ndole rodillos y accesorios para pintar de la m\u00e1s\r\nalta calidad.\r\n\r\nVisi\u00f3n\r\nIndustria Mastder ser\u00e1 reconocida como la organizaci\u00f3n l\u00edder en el mercado nacional e internacional por:\r\n\u00abOfrecer una completa gama de productos para atender todas las necesidades del pintor.\r\n\r\n*Proporcionar productos de alta calidad y durabilidad a un precio justo.\r\n\r\n*Contar con una amplia red de distribuci\u00f3n gracias a excelentes relaciones comerciales con almacenes de pinturas, ferreter\u00edas,\r\nalmacenes de cadena y grandes distribuidores nacionales e internacionales.\r\n\r\n*La calidad en nuestros productos y en la atenci\u00f3n de los Clientes, apoyada por un grupo humano que trabaja para satisfacer sus necesidades.","_et_gb_content_width":"","_monsterinsights_skip_tracking":false,"_monsterinsights_sitenote_active":false,"_monsterinsights_sitenote_note":"","_monsterinsights_sitenote_category":0},"aioseo_notices":[],"_links":{"self":[{"href":"https:\/\/industriasmastder.com\/index.php?rest_route=\/wp\/v2\/pages\/4578"}],"collection":[{"href":"https:\/\/industriasmastder.com\/index.php?rest_route=\/wp\/v2\/pages"}],"about":[{"href":"https:\/\/industriasmastder.com\/index.php?rest_route=\/wp\/v2\/types\/page"}],"author":[{"embeddable":true,"href":"https:\/\/industriasmastder.com\/index.php?rest_route=\/wp\/v2\/users\/3"}],"replies":[{"embeddable":true,"href":"https:\/\/industriasmastder.com\/index.php?rest_route=%2Fwp%2Fv2%2Fcomments&post=4578"}],"version-history":[{"count":9,"href":"https:\/\/industriasmastder.com\/index.php?rest_route=\/wp\/v2\/pages\/4578\/revisions"}],"predecessor-version":[{"id":6681,"href":"https:\/\/industriasmastder.com\/index.php?rest_route=\/wp\/v2\/pages\/4578\/revisions\/6681"}],"wp:attachment":[{"href":"https:\/\/industriasmastder.com\/index.php?rest_route=%2Fwp%2Fv2%2Fmedia&parent=4578"}],"curies":[{"name":"wp","href":"https:\/\/api.w.org\/{rel}","templated":true}]}}