{"id":7022,"date":"2021-12-06T11:16:58","date_gmt":"2021-12-06T16:16:58","guid":{"rendered":"https:\/\/industriasmastder.com\/?product=harag%ef%bf%bdn-nivelador-con-extensi%ef%bf%bdn"},"modified":"2021-12-07T17:09:18","modified_gmt":"2021-12-07T22:09:18","slug":"haragan-nivelador-con-extensi%ef%bf%bdn","status":"publish","type":"product","link":"https:\/\/industriasmastder.com\/?product=haragan-nivelador-con-extensi%ef%bf%bdn","title":{"rendered":"Harag\u00e1n Nivelador con Extensi\u00f3n"},"content":{"rendered":"<p>Harag\u00e1n Nivelador con Extensi\u00f3n<\/p>\n","protected":false},"excerpt":{"rendered":"<p>Harag\ufffdn Nivelador con Extensi\ufffdn<\/p>\n","protected":false},"featured_media":0,"comment_status":"open","ping_status":"closed","template":"","meta":{"_et_pb_use_builder":"","_et_pb_old_content":"","_et_gb_content_width":"","_monsterinsights_skip_tracking":false,"_monsterinsights_sitenote_active":false,"_monsterinsights_sitenote_note":"","_monsterinsights_sitenote_category":0},"product_cat":[692],"product_tag":[],"aioseo_notices":[],"_links":{"self":[{"href":"https:\/\/industriasmastder.com\/index.php?rest_route=\/wp\/v2\/product\/7022"}],"collection":[{"href":"https:\/\/industriasmastder.com\/index.php?rest_route=\/wp\/v2\/product"}],"about":[{"href":"https:\/\/industriasmastder.com\/index.php?rest_route=\/wp\/v2\/types\/product"}],"replies":[{"embeddable":true,"href":"https:\/\/industriasmastder.com\/index.php?rest_route=%2Fwp%2Fv2%2Fcomments&post=7022"}],"wp:attachment":[{"href":"https:\/\/industriasmastder.com\/index.php?rest_route=%2Fwp%2Fv2%2Fmedia&parent=7022"}],"wp:term":[{"taxonomy":"product_cat","embeddable":true,"href":"https:\/\/industriasmastder.com\/index.php?rest_route=%2Fwp%2Fv2%2Fproduct_cat&post=7022"},{"taxonomy":"product_tag","embeddable":true,"href":"https:\/\/industriasmastder.com\/index.php?rest_route=%2Fwp%2Fv2%2Fproduct_tag&post=7022"}],"curies":[{"name":"wp","href":"https:\/\/api.w.org\/{rel}","templated":true}]}}